{"id":56,"date":"2015-01-17T08:25:27","date_gmt":"2015-01-17T07:25:27","guid":{"rendered":"http:\/\/humanszolgaltatas.hu\/tinkturabt\/?page_id=56"},"modified":"2021-01-19T18:41:57","modified_gmt":"2021-01-19T17:41:57","slug":"minosegbiztositas","status":"publish","type":"page","link":"https:\/\/humanszolgaltatas.hu\/tinkturabt\/minosegbiztositas\/","title":{"rendered":"Min\u0151s\u00e9gbiztos\u00edt\u00e1s"},"content":{"rendered":"\n<!-- Page-list plugin v.5.9 wordpress.org\/plugins\/page-list\/ -->\n<ul class=\"page-list \">\n<li class=\"page_item page-item-2354\"><a href=\"https:\/\/humanszolgaltatas.hu\/tinkturabt\/minosegbiztositas\/minosegpolitika-2\/\">Min\u0151s\u00e9gpolitika<\/a><\/li>\n<li class=\"page_item page-item-2356\"><a href=\"https:\/\/humanszolgaltatas.hu\/tinkturabt\/minosegbiztositas\/tajekoztato-a-felnottkepzest-kiegeszito-tevekenysegekrol\/\">T\u00e1j\u00e9koztat\u00f3 a feln\u0151ttk\u00e9pz\u00e9st kieg\u00e9sz\u00edt\u0151 tev\u00e9kenys\u00e9gekr\u0151l<\/a><\/li>\n<li class=\"page_item page-item-2892\"><a href=\"https:\/\/humanszolgaltatas.hu\/tinkturabt\/minosegbiztositas\/tajekoztato-a-felnottkepzest-kiegeszito-tevekenysegekrol-2\/\">T\u00e1j\u00e9koztat\u00f3 a feln\u0151ttk\u00e9pz\u00e9st kieg\u00e9sz\u00edt\u0151 tev\u00e9kenys\u00e9gekr\u0151l<\/a><\/li>\n<li class=\"page_item page-item-2358\"><a href=\"https:\/\/humanszolgaltatas.hu\/tinkturabt\/minosegbiztositas\/tajekoztato-az-ugyfelszolgalatrol-es-panaszbejelentes-lehetosegerol\/\">T\u00e1j\u00e9koztat\u00f3 az \u00fcgyf\u00e9lszolg\u00e1latr\u00f3l \u00e9s panaszbejelent\u00e9s lehet\u0151s\u00e9g\u00e9r\u0151l<\/a><\/li>\n\n<\/ul>\n","protected":false},"excerpt":{"rendered":"","protected":false},"author":1,"featured_media":0,"parent":0,"menu_order":0,"comment_status":"closed","ping_status":"closed","template":"left-sidebar-page.php","meta":{"footnotes":""},"class_list":["post-56","page","type-page","status-publish","hentry"],"_links":{"self":[{"href":"https:\/\/humanszolgaltatas.hu\/tinkturabt\/wp-json\/wp\/v2\/pages\/56","targetHints":{"allow":["GET"]}}],"collection":[{"href":"https:\/\/humanszolgaltatas.hu\/tinkturabt\/wp-json\/wp\/v2\/pages"}],"about":[{"href":"https:\/\/humanszolgaltatas.hu\/tinkturabt\/wp-json\/wp\/v2\/types\/page"}],"author":[{"embeddable":true,"href":"https:\/\/humanszolgaltatas.hu\/tinkturabt\/wp-json\/wp\/v2\/users\/1"}],"replies":[{"embeddable":true,"href":"https:\/\/humanszolgaltatas.hu\/tinkturabt\/wp-json\/wp\/v2\/comments?post=56"}],"version-history":[{"count":0,"href":"https:\/\/humanszolgaltatas.hu\/tinkturabt\/wp-json\/wp\/v2\/pages\/56\/revisions"}],"wp:attachment":[{"href":"https:\/\/humanszolgaltatas.hu\/tinkturabt\/wp-json\/wp\/v2\/media?parent=56"}],"curies":[{"name":"wp","href":"https:\/\/api.w.org\/{rel}","templated":true}]}}