{"id":5,"date":"2015-01-17T07:27:08","date_gmt":"2015-01-17T06:27:08","guid":{"rendered":"http:\/\/humanszolgaltatas.hu\/tinkturabt\/?page_id=5"},"modified":"2022-09-02T17:29:12","modified_gmt":"2022-09-02T15:29:12","slug":"bemutatkozas","status":"publish","type":"page","link":"https:\/\/humanszolgaltatas.hu\/tinkturabt\/bemutatkozas\/","title":{"rendered":"Bemutatkoz\u00e1s"},"content":{"rendered":"<p>Tisztelt Olvas\u00f3 k\u00f6sz\u00f6nt\u00f6m \u00d6nt a <strong>Tinkt\u00fara Oktat\u00e1si, Eg\u00e9szs\u00e9g\u00fcgyi \u00e9s Gazdas\u00e1gi, Szolg\u00e1ltat\u00f3 Bet\u00e9ti T\u00e1rsas\u00e1g<\/strong> (r\u00f6vid\u00edtett nev\u00e9n: Tinkt\u00fara Bt.) elektronikus inform\u00e1ci\u00f3s oldal\u00e1n.<\/p>\n<p>N\u00e9h\u00e1ny gondolattal szeretn\u00e9m \u00d6nnek bemutatni szervezet\u00fcnket.<\/p>\n<p>Tinkt\u00fara Bt. feln\u0151ttk\u00e9pz\u00e9ssel foglalkoz\u00f3 szervezet, alakul\u00e1s\u00e1t az az elk\u00f6telezetts\u00e9g vez\u00e9relte, hogy m\u0171k\u00f6d\u00e9s\u00e9vel olyan feln\u0151tteknek szervezett k\u00e9pz\u00e9sek val\u00f3suljanak meg, amelyek megfelelnek mind a szakmai mind a partneri elv\u00e1r\u00e1soknak a jogszab\u00e1lyi keretek hat\u00e1rait nem s\u00e9rtve. Az\u00a0 eredm\u00e9nyess\u00e9g teh\u00e1t olyan sz\u00ednvonalas k\u00e9pz\u00e9si tev\u00e9kenys\u00e9gekben nyilv\u00e1nul meg amellyel ennek a\u00a0 mindenkori k\u00f6vetelm\u00e9nynek meg tudunk felelni. Piaci poz\u00edci\u00f3nk fokozatos er\u0151s\u00f6d\u00e9s\u00e9t garant\u00e1lja az elv\u00e1r\u00e1soknak megfelel\u0151 min\u0151s\u00e9g, valamint a hat\u00e9kony min\u0151s\u00e9gbiztos\u00edt\u00e1s. Kiemelt fontoss\u00e1got tulajdon\u00edtunk mindazon tev\u00e9kenys\u00e9geknek, szolg\u00e1ltat\u00e1soknak, amelyek c\u00e9ljaink el\u00e9r\u00e9s\u00e9t, a min\u0151s\u00e9g \u00e9s a min\u0151s\u00e9gbiztos\u00edt\u00e1s jav\u00edt\u00e1s\u00e1val seg\u00edtik.<\/p>\n<p>Legfontosabb strat\u00e9giai c\u00e9lunkat, a hossz\u00fa t\u00e1von t\u00f6rt\u00e9n\u0151 stabil \u00e9s gazdas\u00e1gos m\u0171k\u00f6d\u00e9st a k\u00e9pz\u00e9sben r\u00e9sztvev\u0151k ig\u00e9nyeinek kiel\u00e9g\u00edt\u00e9s\u00e9vel k\u00edv\u00e1njuk el\u00e9rni, ez a t\u00f6rekv\u00e9s\u00fcnk \u00e9s e k\u00fcldet\u00e9s szerinti tev\u00e9kenys\u00e9g\u00fcnk a Tinkt\u00fara Bt. 2003 \u00e9vben t\u00f6rt\u00e9n\u0151 megalakul\u00e1sa \u00f3ta folyamatos.<\/p>\n<p>Saj\u00e1t szervez\u00e9s\u0171 k\u00e9pz\u00e9seink mellett a munk\u00e1ltat\u00f3k \u00e1ltal megrendelt k\u00e9pz\u00e9seket is v\u00e1llalunk \u00e9s szervez\u00fcnk.<img loading=\"lazy\" decoding=\"async\" class=\"alignright size-medium wp-image-119\" src=\"https:\/\/humanszolgaltatas.hu\/tinkturabt\/wp-content\/uploads\/2015\/01\/teacher-surrounded-by-students-300x235.jpg\" alt=\"teacher-surrounded-by-students\" width=\"300\" height=\"235\" srcset=\"https:\/\/humanszolgaltatas.hu\/tinkturabt\/wp-content\/uploads\/2015\/01\/teacher-surrounded-by-students-300x235.jpg 300w, https:\/\/humanszolgaltatas.hu\/tinkturabt\/wp-content\/uploads\/2015\/01\/teacher-surrounded-by-students-460x361.jpg 460w, https:\/\/humanszolgaltatas.hu\/tinkturabt\/wp-content\/uploads\/2015\/01\/teacher-surrounded-by-students.jpg 1000w\" sizes=\"auto, (max-width: 300px) 100vw, 300px\" \/><\/p>\n<p>T\u00e1rsas\u00e1gunk a vev\u0151inkkel, a megrendel\u0151inkkel eredm\u00e9nyes \u00e9s sikeres egy\u00fcttm\u0171k\u00f6d\u00e9sre t\u00f6rekszik. A min\u0151s\u00e9g biztos\u00edt\u00e9k\u00e1ul szolg\u00e1l a hum\u00e1n er\u0151forr\u00e1s (vezet\u0151, oktat\u00f3k) t\u00f6bb \u00e9vtizedes szakmai eredm\u00e9nyess\u00e9ge, tud\u00e1sa \u00e9s az a k\u00e9pess\u00e9ge, amellyel a r\u00e9sztvev\u0151k szakmai kompetenci\u00e1j\u00e1t megalapozni, \u00e9s fejleszteni tudj\u00e1k. Valamennyien az oktatott tant\u00e1rgyak szakter\u00fcleteinek elismert \u00e9s kiv\u00e1l\u00f3 k\u00e9pvisel\u0151i.<\/p>\n<p>K\u00e9pz\u00e9seinkhez k\u00edn\u00e1lt szolg\u00e1ltat\u00e1saink, \u00fagy mint az el\u0151zetes tud\u00e1s felm\u00e9r\u00e9se, a ment\u00e1lhigi\u00e9n\u00e9s tan\u00e1csad\u00e1s illetve az \u00e1ll\u00e1skeres\u0151 tr\u00e9ning is c\u00e9lunk megval\u00f3s\u00edt\u00e1s\u00e1nak t\u00e1mogat\u00f3i \u00e9s er\u0151s\u00edt\u0151i, melyek felk\u00edn\u00e1l\u00e1s\u00e1val \u00e9s lebonyol\u00edt\u00e1s\u00e1val is partnereinkkel val\u00f3 egy\u00fcttm\u0171k\u00f6d\u00e9st szeretn\u00e9nk seg\u00edteni \u00e9s az el\u00e9gedetts\u00e9g sz\u00ednvonal\u00e1t n\u00f6velni \u00e9s tartani.<\/p>\n<p>V\u00e1rjuk jelentkez\u00e9s\u00e9t \u00e9s r\u00e9szv\u00e9tel\u00e9t felk\u00edn\u00e1lt k\u00e9pz\u00e9seink egyik\u00e9ben.<\/p>\n<p>&nbsp;<\/p>\n<p>Koz\u00e1rmisleny, 2015. janu\u00e1r 20.<\/p>\n<p>dr. Mikli \u00c9va<\/p>\n<p>\u00fcgyvezet\u0151<\/p>\n","protected":false},"excerpt":{"rendered":"<p>Tisztelt Olvas\u00f3 k\u00f6sz\u00f6nt\u00f6m \u00d6nt a Tinkt\u00fara Oktat\u00e1si, Eg\u00e9szs\u00e9g\u00fcgyi \u00e9s Gazdas\u00e1gi, Szolg\u00e1ltat\u00f3 Bet\u00e9ti T\u00e1rsas\u00e1g (r\u00f6vid\u00edtett nev\u00e9n: Tinkt\u00fara Bt.) elektronikus inform\u00e1ci\u00f3s oldal\u00e1n. &hellip;<\/p>\n","protected":false},"author":1,"featured_media":0,"parent":0,"menu_order":0,"comment_status":"closed","ping_status":"closed","template":"","meta":{"footnotes":""},"class_list":["post-5","page","type-page","status-publish","hentry"],"_links":{"self":[{"href":"https:\/\/humanszolgaltatas.hu\/tinkturabt\/wp-json\/wp\/v2\/pages\/5","targetHints":{"allow":["GET"]}}],"collection":[{"href":"https:\/\/humanszolgaltatas.hu\/tinkturabt\/wp-json\/wp\/v2\/pages"}],"about":[{"href":"https:\/\/humanszolgaltatas.hu\/tinkturabt\/wp-json\/wp\/v2\/types\/page"}],"author":[{"embeddable":true,"href":"https:\/\/humanszolgaltatas.hu\/tinkturabt\/wp-json\/wp\/v2\/users\/1"}],"replies":[{"embeddable":true,"href":"https:\/\/humanszolgaltatas.hu\/tinkturabt\/wp-json\/wp\/v2\/comments?post=5"}],"version-history":[{"count":1,"href":"https:\/\/humanszolgaltatas.hu\/tinkturabt\/wp-json\/wp\/v2\/pages\/5\/revisions"}],"predecessor-version":[{"id":3149,"href":"https:\/\/humanszolgaltatas.hu\/tinkturabt\/wp-json\/wp\/v2\/pages\/5\/revisions\/3149"}],"wp:attachment":[{"href":"https:\/\/humanszolgaltatas.hu\/tinkturabt\/wp-json\/wp\/v2\/media?parent=5"}],"curies":[{"name":"wp","href":"https:\/\/api.w.org\/{rel}","templated":true}]}}