{"id":3360,"date":"2023-08-14T13:59:17","date_gmt":"2023-08-14T11:59:17","guid":{"rendered":"https:\/\/humanszolgaltatas.hu\/tinkturabt\/?page_id=3360"},"modified":"2025-02-25T21:14:15","modified_gmt":"2025-02-25T20:14:15","slug":"gazipari-muszaki-biztonsagi-felulvizsgalo","status":"publish","type":"page","link":"https:\/\/humanszolgaltatas.hu\/tinkturabt\/jelentkezes\/gazipari-muszaki-biztonsagi-felulvizsgalo\/","title":{"rendered":"Jelentkez\u00e9si lap &#8211; G\u00e1zipari m\u0171szaki biztons\u00e1gi fel\u00fclvizsg\u00e1l\u00f3"},"content":{"rendered":"<div class=\"su-accordion su-u-trim\">\n<div class=\"su-spoiler su-spoiler-style-default su-spoiler-icon-plus su-spoiler-closed\" data-scroll-offset=\"0\" data-anchor-in-url=\"no\"><div class=\"su-spoiler-title\" tabindex=\"0\" role=\"button\"><span class=\"su-spoiler-icon\"><\/span>Online jelentkez\u00e9s<\/div><div class=\"su-spoiler-content su-u-clearfix su-u-trim\">\n<h2>Online jelentkez\u00e9s:<\/h2>\n\n<div class=\"wpcf7 no-js\" id=\"wpcf7-f3361-o1\" lang=\"hu-HU\" dir=\"ltr\" data-wpcf7-id=\"3361\">\n<div class=\"screen-reader-response\"><p role=\"status\" aria-live=\"polite\" aria-atomic=\"true\"><\/p> <ul><\/ul><\/div>\n<form action=\"\/tinkturabt\/wp-json\/wp\/v2\/pages\/3360#wpcf7-f3361-o1\" method=\"post\" class=\"wpcf7-form init\" aria-label=\"Kapcsolatfelv\u00e9teli \u0171rlap\" novalidate=\"novalidate\" data-status=\"init\">\n<fieldset class=\"hidden-fields-container\"><input type=\"hidden\" name=\"_wpcf7\" value=\"3361\" \/><input type=\"hidden\" name=\"_wpcf7_version\" value=\"6.1.5\" \/><input type=\"hidden\" name=\"_wpcf7_locale\" value=\"hu_HU\" \/><input type=\"hidden\" name=\"_wpcf7_unit_tag\" value=\"wpcf7-f3361-o1\" \/><input type=\"hidden\" name=\"_wpcf7_container_post\" value=\"0\" \/><input type=\"hidden\" name=\"_wpcf7_posted_data_hash\" value=\"\" \/><input type=\"hidden\" name=\"_wpcf7cf_hidden_group_fields\" value=\"[]\" \/><input type=\"hidden\" name=\"_wpcf7cf_hidden_groups\" value=\"[]\" \/><input type=\"hidden\" name=\"_wpcf7cf_visible_groups\" value=\"[]\" \/><input type=\"hidden\" name=\"_wpcf7cf_repeaters\" value=\"[]\" \/><input type=\"hidden\" name=\"_wpcf7cf_steps\" value=\"{}\" \/><input type=\"hidden\" name=\"_wpcf7cf_options\" value=\"{&quot;form_id&quot;:3361,&quot;conditions&quot;:[],&quot;settings&quot;:{&quot;animation&quot;:&quot;yes&quot;,&quot;animation_intime&quot;:200,&quot;animation_outtime&quot;:200,&quot;conditions_ui&quot;:&quot;normal&quot;,&quot;notice_dismissed&quot;:false,&quot;notice_dismissed_rollback-cf7-5.8&quot;:true,&quot;notice_dismissed_rollback-cf7-5.8.3&quot;:true,&quot;notice_dismissed_rollback-cf7-5.8.7&quot;:true,&quot;notice_dismissed_rollback-cf7-6.0.1&quot;:true}}\" \/><input type=\"hidden\" name=\"_wpcf7_recaptcha_response\" value=\"\" \/>\n<\/fieldset>\n<p>Online jelentkez\u00e9si lap:\n<\/p>\n<h3 style=\"padding: 0.5em; background-color: #0078D7; color: #FFF;\">K\u00e9pz\u00e9s adatok:\n<\/h3>\n<ul>\n\t<li>\n\t\t<p>A k\u00e9pz\u00e9s megnevez\u00e9se: G\u00e1zipari m\u0171szaki biztons\u00e1gi fel\u00fclvizsg\u00e1l\u00f3\n\t\t<\/p>\n\t<\/li>\n\t<li>\n\t\t<p>A tov\u00e1bbk\u00e9pz\u00e9st a Tinkt\u00fara Oktat\u00e1si, Eg\u00e9szs\u00e9g\u00fcgyi \u00e9s Gazdas\u00e1gi, Szolg\u00e1ltat\u00f3 Bt. (feln\u0151ttk\u00e9pz\u00e9si nyilv\u00e1ntart\u00e1si sz\u00e1m: B\/2020\/000201, enged\u00e9lysz\u00e1m E\/2020\/000110) v\u00e9gzi.\n\t\t<\/p>\n\t<\/li>\n<\/ul>\n<h3 style=\"padding: 0.5em; background-color: #0078D7; color: #FFF;\">A k\u00e9pz\u00e9s helye \u00e9s id\u0151pontja:\n<\/h3>\n<p><span class=\"wpcf7-form-control-wrap\" data-name=\"kepzesi-idopont\"><select class=\"wpcf7-form-control wpcf7-select wpcf7-validates-as-required\" aria-required=\"true\" aria-invalid=\"false\" name=\"kepzesi-idopont\"><option value=\"\">&#8212; K\u00e9rj\u00fck, v\u00e1lasszon egy opci\u00f3t &#8212;<\/option><option value=\"2026.\u00e1prilis 1.\">2026.\u00e1prilis 1.<\/option><\/select><\/span>\n<\/p>\n<h3 style=\"padding: 0.5em; background-color: #0078D7; color: #FFF;\"><strong>A jelentkez\u0151 adatai: <\/strong>\n<\/h3>\n<p>Tov\u00e1bbk\u00e9pz\u00e9sben r\u00e9sztvev\u0151 szem\u00e9ly adatai (Szem\u00e9lyi okm\u00e1ny alapj\u00e1n k\u00e9pz\u00e9sre jelentkez\u0151 t\u00f6lti ki!)\n<\/p>\n<table border=\"0\" cellspacing=\"0\" cellpadding=\"0\" class=\"urlap\">\n\t<tr>\n\t\t<td width=\"390\" valign=\"top\">\n\t\t\t<p>&nbsp;\n\t\t\t<\/p>\n\t\t<\/td>\n\t\t<td width=\"410\" valign=\"top\">\n\t\t\t<p align=\"center\"><strong>&nbsp;<\/strong>\n\t\t\t<\/p>\n\t\t<\/td>\n\t<\/tr>\n\t<tr>\n\t\t<td width=\"390\" valign=\"top\">\n\t\t\t<p>N\u00e9v:\n\t\t\t<\/p>\n\t\t<\/td>\n\t\t<td width=\"410\" valign=\"top\">\n\t\t\t<p align=\"center\"><span class=\"wpcf7-form-control-wrap\" data-name=\"jelentkezo-nev\"><input size=\"40\" maxlength=\"400\" class=\"wpcf7-form-control wpcf7-text wpcf7-validates-as-required\" aria-required=\"true\" aria-invalid=\"false\" placeholder=\"A jelentkez\u0151 neve\" value=\"\" type=\"text\" name=\"jelentkezo-nev\" \/><\/span>\n\t\t\t<\/p>\n\t\t<\/td>\n\t<\/tr>\n\t<tr>\n\t\t<td width=\"390\" valign=\"top\">\n\t\t\t<p>Sz\u00fclet\u00e9skori csal\u00e1di \u00e9s ut\u00f3neve\/ut\u00f3nevei:<strong><\/strong>\n\t\t\t<\/p>\n\t\t<\/td>\n\t\t<td width=\"410\" valign=\"top\">\n\t\t\t<p align=\"center\"><span class=\"wpcf7-form-control-wrap\" data-name=\"jelentkezo-szul-nev\"><input size=\"40\" maxlength=\"400\" class=\"wpcf7-form-control wpcf7-text wpcf7-validates-as-required\" aria-required=\"true\" aria-invalid=\"false\" placeholder=\"A jelentkez\u0151 sz\u00fclet\u00e9skori csal\u00e1di \u00e9s ut\u00f3neve\/ut\u00f3nevei\" value=\"\" type=\"text\" name=\"jelentkezo-szul-nev\" \/><\/span>\n\t\t\t<\/p>\n\t\t<\/td>\n\t<\/tr>\n\t<tr>\n\t\t<td width=\"390\" valign=\"top\">\n\t\t\t<p>Sz\u00fclet\u00e9si hely:<strong><\/strong>\n\t\t\t<\/p>\n\t\t<\/td>\n\t\t<td width=\"410\" valign=\"top\">\n\t\t\t<p align=\"center\"><span class=\"wpcf7-form-control-wrap\" data-name=\"jelentkezo-szuletesi-hely\"><input size=\"40\" maxlength=\"400\" class=\"wpcf7-form-control wpcf7-text wpcf7-validates-as-required\" aria-required=\"true\" aria-invalid=\"false\" placeholder=\"Sz\u00fclet\u00e9si hely\" value=\"\" type=\"text\" name=\"jelentkezo-szuletesi-hely\" \/><\/span>\n\t\t\t<\/p>\n\t\t<\/td>\n\t<\/tr>\n\t<tr>\n\t\t<td width=\"390\" valign=\"top\">\n\t\t\t<p>Sz\u00fclet\u00e9si id\u0151 (\u00e9v, h\u00f3, nap):<strong><\/strong>\n\t\t\t<\/p>\n\t\t<\/td>\n\t\t<td width=\"410\" valign=\"top\">\n\t\t\t<p align=\"center\"><span class=\"wpcf7-form-control-wrap\" data-name=\"jelentkezo-szuletesi\"><input size=\"40\" maxlength=\"400\" class=\"wpcf7-form-control wpcf7-text wpcf7-validates-as-required\" aria-required=\"true\" aria-invalid=\"false\" placeholder=\"Sz\u00fclet\u00e9si id\u0151 (\u00e9v, h\u00f3, nap)\" value=\"\" type=\"text\" name=\"jelentkezo-szuletesi\" \/><\/span>\n\t\t\t<\/p>\n\t\t<\/td>\n\t<\/tr>\n\t<tr>\n\t\t<td width=\"390\" valign=\"top\">\n\t\t\t<p>Anyja sz\u00fclet\u00e9skori csal\u00e1di \u00e9s ut\u00f3neve\/ut\u00f3nevei:\n\t\t\t<\/p>\n\t\t<\/td>\n\t\t<td width=\"410\" valign=\"top\">\n\t\t\t<p align=\"center\"><span class=\"wpcf7-form-control-wrap\" data-name=\"jelentkezo-anyja-szul-nev\"><input size=\"40\" maxlength=\"400\" class=\"wpcf7-form-control wpcf7-text wpcf7-validates-as-required\" aria-required=\"true\" aria-invalid=\"false\" placeholder=\"A jelentkez\u0151 anyja sz\u00fclet\u00e9skori csal\u00e1di \u00e9s ut\u00f3neve\/ut\u00f3nevei\" value=\"\" type=\"text\" name=\"jelentkezo-anyja-szul-nev\" \/><\/span>\n\t\t\t<\/p>\n\t\t<\/td>\n\t<\/tr>\n\t<tr>\n\t\t<td width=\"390\" valign=\"top\">\n\t\t\t<p>Lakc\u00edme:\n\t\t\t<\/p>\n\t\t<\/td>\n\t\t<td width=\"410\" valign=\"top\">\n\t\t\t<p align=\"center\"><span class=\"wpcf7-form-control-wrap\" data-name=\"jelentkezo-lakcim\"><input size=\"40\" maxlength=\"400\" class=\"wpcf7-form-control wpcf7-text wpcf7-validates-as-required\" aria-required=\"true\" aria-invalid=\"false\" placeholder=\"Ir\u00e1ny\u00edt\u00f3sz\u00e1m, Lakhely, \u00dat\/utca, H\u00e1zsz\u00e1m\" value=\"\" type=\"text\" name=\"jelentkezo-lakcim\" \/><\/span>\n\t\t\t<\/p>\n\t\t<\/td>\n\t<\/tr>\n\t<tr>\n\t\t<td width=\"390\" valign=\"top\">\n\t\t\t<p>Tart\u00f3zkod\u00e1si c\u00edme:\n\t\t\t<\/p>\n\t\t<\/td>\n\t\t<td width=\"410\" valign=\"top\">\n\t\t\t<p align=\"center\"><span class=\"wpcf7-form-control-wrap\" data-name=\"jelentkezo-tartozkodasi\"><input size=\"40\" maxlength=\"400\" class=\"wpcf7-form-control wpcf7-text wpcf7-validates-as-required\" aria-required=\"true\" aria-invalid=\"false\" placeholder=\"Ir\u00e1ny\u00edt\u00f3sz\u00e1m, Lakhely, \u00dat\/utca, H\u00e1zsz\u00e1m\" value=\"\" type=\"text\" name=\"jelentkezo-tartozkodasi\" \/><\/span>\n\t\t\t<\/p>\n\t\t<\/td>\n\t<\/tr>\n\t<tr>\n\t\t<td width=\"390\" valign=\"top\">\n\t\t\t<p>Telefon\/fax-, mobil sz\u00e1ma (lak\u00e1s, munkahely):\n\t\t\t<\/p>\n\t\t<\/td>\n\t\t<td width=\"410\" valign=\"top\">\n\t\t\t<p align=\"center\"><span class=\"wpcf7-form-control-wrap\" data-name=\"jelentkezo-telefon\"><input size=\"40\" maxlength=\"400\" class=\"wpcf7-form-control wpcf7-text wpcf7-validates-as-required\" aria-required=\"true\" aria-invalid=\"false\" placeholder=\"Telefon\/fax-,    mobil sz\u00e1ma (lak\u00e1s, munkahely)\" value=\"\" type=\"text\" name=\"jelentkezo-telefon\" \/><\/span>\n\t\t\t<\/p>\n\t\t<\/td>\n\t<\/tr>\n\t<tr>\n\t\t<td width=\"390\" valign=\"top\">\n\t\t\t<p>E-mail c\u00edm:\n\t\t\t<\/p>\n\t\t<\/td>\n\t\t<td width=\"410\" valign=\"top\">\n\t\t\t<p align=\"center\"><span class=\"wpcf7-form-control-wrap\" data-name=\"jelentkezo-e-mail\"><input size=\"40\" maxlength=\"400\" class=\"wpcf7-form-control wpcf7-email wpcf7-validates-as-required wpcf7-text wpcf7-validates-as-email\" aria-required=\"true\" aria-invalid=\"false\" placeholder=\"A jelentkez\u0151 e-mail c\u00edme.\" value=\"\" type=\"email\" name=\"jelentkezo-e-mail\" \/><\/span>\n\t\t\t<\/p>\n\t\t<\/td>\n\t<\/tr>\n\t<tr>\n\t\t<td width=\"390\" valign=\"top\">\n\t\t\t<p>\u00c1llampolg\u00e1rs\u00e1ga:\n\t\t\t<\/p>\n\t\t\t<p><em style=\"font-size: 10px;\">Nem magyar \u00e1llampolg\u00e1r eset\u00e9n, Magyarorsz\u00e1gon val\u00f3 tart\u00f3zkod\u00e1s\u00e1nak jogc\u00edme \u00e9s a tart\u00f3zkod\u00e1sra jogos\u00edt\u00f3 okirat, okm\u00e1ny megnevez\u00e9se \u00e9s sz\u00e1ma:<\/em>\n\t\t\t<\/p>\n\t\t<\/td>\n\t\t<td width=\"410\" valign=\"top\">\n\t\t\t<p align=\"center\"><span class=\"wpcf7-form-control-wrap\" data-name=\"jelentkezo-allampolgarsag\"><input size=\"40\" maxlength=\"400\" class=\"wpcf7-form-control wpcf7-text wpcf7-validates-as-required\" aria-required=\"true\" aria-invalid=\"false\" placeholder=\"\u00c1llampolg\u00e1rs\u00e1g\" value=\"\" type=\"text\" name=\"jelentkezo-allampolgarsag\" \/><\/span>\n\t\t\t<\/p>\n\t\t<\/td>\n\t<\/tr>\n\t<tr>\n\t\t<td width=\"390\" valign=\"top\">\n\t\t\t<p><strong>Legmagasabb (befejezett) iskolai v\u00e9gzetts\u00e9ge<span class=\"urlap-segitseg\" title=\"Dokumentummal igazolhat\u00f3 legmagasabb v\u00e9gzetts\u00e9g\">1<\/span>: <\/strong>\n\t\t\t<\/p>\n\t\t<\/td>\n\t\t<td width=\"410\" valign=\"top\">\n\t\t\t<p align=\"center\"><br \/>\n<span class=\"wpcf7-form-control-wrap\" data-name=\"legmagasabb-isk-vegzettseg\"><select class=\"wpcf7-form-control wpcf7-select wpcf7-validates-as-required\" aria-required=\"true\" aria-invalid=\"false\" name=\"legmagasabb-isk-vegzettseg\"><option value=\"\">&#8212; K\u00e9rj\u00fck, v\u00e1lasszon egy opci\u00f3t &#8212;<\/option><option value=\"befejezett 10. oszt\u00e1ly\">befejezett 10. oszt\u00e1ly<\/option><option value=\"szakiskola\">szakiskola<\/option><option value=\"speci\u00e1lis szakiskol\u00e1ban\">speci\u00e1lis szakiskol\u00e1ban<\/option><option value=\"megszerzett szakk\u00e9pes\u00edt\u00e9s,\">megszerzett szakk\u00e9pes\u00edt\u00e9s,<\/option><option value=\"szak(munk\u00e1sk\u00e9pz\u0151)\">szak(munk\u00e1sk\u00e9pz\u0151)<\/option><option value=\"iskol\u00e1ban megszerzett szakk\u00e9pes\u00edt\u00e9s\">iskol\u00e1ban megszerzett szakk\u00e9pes\u00edt\u00e9s<\/option><option value=\"szakk\u00f6z\u00e9piskola 12. \u00e9vfolyam\u00e1nak sikeres elv\u00e9gz\u00e9s\u00e9t tan\u00fas\u00edt\u00f3 k\u00f6z\u00e9pfok\u00fa v\u00e9gzetts\u00e9g\">szakk\u00f6z\u00e9piskola 12. \u00e9vfolyam\u00e1nak sikeres elv\u00e9gz\u00e9s\u00e9t tan\u00fas\u00edt\u00f3 k\u00f6z\u00e9pfok\u00fa v\u00e9gzetts\u00e9g<\/option><option value=\"gimn\u00e1zium 12. \u00e9vfolyam\u00e1nak sikeres elv\u00e9gz\u00e9s\u00e9t tan\u00fas\u00edt\u00f3 k\u00f6z\u00e9pfok\u00fa v\u00e9gzetts\u00e9g\">gimn\u00e1zium 12. \u00e9vfolyam\u00e1nak sikeres elv\u00e9gz\u00e9s\u00e9t tan\u00fas\u00edt\u00f3 k\u00f6z\u00e9pfok\u00fa v\u00e9gzetts\u00e9g<\/option><option value=\"szakk\u00f6z\u00e9piskolai szakma \u00e9retts\u00e9gi v\u00e9gzetts\u00e9g\">szakk\u00f6z\u00e9piskolai szakma \u00e9retts\u00e9gi v\u00e9gzetts\u00e9g<\/option><option value=\"gimn\u00e1ziumi \u00e9retts\u00e9gi v\u00e9gzetts\u00e9g\">gimn\u00e1ziumi \u00e9retts\u00e9gi v\u00e9gzetts\u00e9g<\/option><option value=\"technikumi v\u00e9gzetts\u00e9g\">technikumi v\u00e9gzetts\u00e9g<\/option><option value=\"fels\u0151fok\u00fa v\u00e9gzetts\u00e9gi szintet bizony\u00edt\u00f3 f\u0151iskolai, egyetemi oklev\u00e9l\">fels\u0151fok\u00fa v\u00e9gzetts\u00e9gi szintet bizony\u00edt\u00f3 f\u0151iskolai, egyetemi oklev\u00e9l<\/option><option value=\"szakir\u00e1ny\u00fa fels\u0151fok\u00fa v\u00e9gzetts\u00e9g\">szakir\u00e1ny\u00fa fels\u0151fok\u00fa v\u00e9gzetts\u00e9g<\/option><\/select><\/span>\n\t\t\t<\/p>\n\t\t<\/td>\n\t<\/tr>\n\t<tr>\n\t\t<td width=\"390\" valign=\"top\">\n\t\t\t<p><strong>Megl\u00e9v\u0151 k\u00e9pzetts\u00e9ge(i):<\/strong>\n\t\t\t<\/p>\n\t\t\t<ul>\n\t\t\t\t<li>\n\t\t\t\t\t<p>OKJ-s szakk\u00e9pes\u00edt\u00e9se \u00e9s sz\u00e1ma:\n\t\t\t\t\t<\/p>\n\t\t\t\t<\/li>\n\t\t\t\t<li>\n\t\t\t\t\t<p>Nem OKJ-s k\u00e9pzetts\u00e9ge:<strong><\/strong>\n\t\t\t\t\t<\/p>\n\t\t\t\t<\/li>\n\t\t\t<\/ul>\n\t\t<\/td>\n\t\t<td width=\"410\" valign=\"top\">\n\t\t\t<p align=\"center\"><span class=\"wpcf7-form-control-wrap\" data-name=\"jelentkezo-kepzettsegek\"><input size=\"40\" maxlength=\"400\" class=\"wpcf7-form-control wpcf7-text wpcf7-validates-as-required\" aria-required=\"true\" aria-invalid=\"false\" placeholder=\"Megl\u00e9v\u0151 k\u00e9pzetts\u00e9ge(i)\" value=\"\" type=\"text\" name=\"jelentkezo-kepzettsegek\" \/><\/span>\n\t\t\t<\/p>\n\t\t<\/td>\n\t<\/tr>\n\t<tr>\n\t\t<td width=\"390\" valign=\"top\">\n\t\t\t<p>Mesterlev\u00e9l \/ technikus bizony\u00edtv\u00e1ny \/ diploma t\u00f6rzssz\u00e1ma \/ sz\u00e1ma:<strong><\/strong>\n\t\t\t<\/p>\n\t\t<\/td>\n\t\t<td width=\"410\" valign=\"top\">\n\t\t\t<p align=\"center\"><span class=\"wpcf7-form-control-wrap\" data-name=\"jelentkezo-vegzettseg-irat-szam\"><input size=\"40\" maxlength=\"400\" class=\"wpcf7-form-control wpcf7-text wpcf7-validates-as-required\" aria-required=\"true\" aria-invalid=\"false\" placeholder=\"A v\u00e9gzetts\u00e9get igazol\u00f3 dokumentum sz\u00e1ma, azonos\u00edt\u00f3ja\" value=\"\" type=\"text\" name=\"jelentkezo-vegzettseg-irat-szam\" \/><\/span>\n\t\t\t<\/p>\n\t\t<\/td>\n\t<\/tr>\n\t<tr>\n\t\t<td width=\"390\" valign=\"top\">\n\t\t\t<p>Munkajogi st\u00e1tusza<strong><span class=\"urlap-segitseg\" title=\"Kit\u00f6lt\u00e9se nem k\u00f6telez\u0151!\u00a0\">2<\/span><\/strong>:\n\t\t\t<\/p>\n\t\t<\/td>\n\t\t<td width=\"410\" valign=\"top\">\n\t\t\t<p><br \/>\n<span class=\"wpcf7-form-control-wrap\" data-name=\"munkajogi-status\"><select class=\"wpcf7-form-control wpcf7-select wpcf7-validates-as-required\" aria-required=\"true\" aria-invalid=\"false\" name=\"munkajogi-status\"><option value=\"\">&#8212; K\u00e9rj\u00fck, v\u00e1lasszon egy opci\u00f3t &#8212;<\/option><option value=\"alkalmazott\">alkalmazott<\/option><option value=\"v\u00e1llalkoz\u00f3\">v\u00e1llalkoz\u00f3<\/option><option value=\"egy\u00e9b\">egy\u00e9b<\/option><\/select><\/span>\n\t\t\t<\/p>\n\t\t\t<div data-id=\"munkajogi-egyeb\" data-orig_data_id=\"munkajogi-egyeb\"  data-class=\"wpcf7cf_group\">\n\t\t\t\t<p><span class=\"wpcf7-form-control-wrap\" data-name=\"munkajogi-egyeb-status\"><input size=\"40\" maxlength=\"400\" class=\"wpcf7-form-control wpcf7-text\" aria-invalid=\"false\" placeholder=\"Egy\u00e9b munkajogi st\u00e1tusz neve\" value=\"\" type=\"text\" name=\"munkajogi-egyeb-status\" \/><\/span>\n\t\t\t\t<\/p>\n\t\t\t<\/div>\n\t\t<\/td>\n\t<\/tr>\n\t<tr>\n\t\t<td width=\"390\" valign=\"top\">\n\t\t\t<p>K\u00f6lts\u00e9gvisel\u0151 adatai<strong><span class=\"urlap-segitseg\" title=\"Kit\u00f6lt\u00e9se nem k\u00f6telez\u0151!\">3<\/span><\/strong>:\n\t\t\t<\/p>\n\t\t\t<p>neve, c\u00edme, telefonsz\u00e1ma\n\t\t\t<\/p>\n\t\t<\/td>\n\t\t<td width=\"410\" valign=\"top\">\n\t\t\t<p><span class=\"wpcf7-form-control-wrap\" data-name=\"ceges-adatok\"><textarea cols=\"40\" rows=\"10\" maxlength=\"2000\" class=\"wpcf7-form-control wpcf7-textarea\" aria-invalid=\"false\" placeholder=\"K\u00f6lts\u00e9gvisel\u0151 NEVE(C\u00e9gn\u00e9v), sz\u00e1ml\u00e1z\u00e1si c\u00edme, ir\u00e1ny\u00edt\u00f3sz\u00e1m, telep\u00fcl\u00e9s, utca, h\u00e1zsz\u00e1m:\" name=\"ceges-adatok\"><\/textarea><\/span>\n\t\t\t<\/p>\n\t\t<\/td>\n\t<\/tr>\n\t<tr>\n\t\t<td width=\"390\" valign=\"top\">\n\t\t\t<p>A K\u00f6lts\u00e9gvisel\u0151 ad\u00f3sz\u00e1ma\n\t\t\t<\/p>\n\t\t<\/td>\n\t\t<td width=\"410\" valign=\"top\">\n\t\t\t<p align=\"center\"><span class=\"wpcf7-form-control-wrap\" data-name=\"ceges-adoszam\"><input size=\"40\" maxlength=\"400\" class=\"wpcf7-form-control wpcf7-text\" aria-invalid=\"false\" placeholder=\"K\u00f6lts\u00e9gvisel\u0151 ad\u00f3sz\u00e1ma\" value=\"\" type=\"text\" name=\"ceges-adoszam\" \/><\/span>\n\t\t\t<\/p>\n\t\t<\/td>\n\t<\/tr>\n\t<tr>\n\t\t<td width=\"390\" valign=\"top\">\n\t\t\t<p>A K\u00f6lts\u00e9gvisel\u0151 \u00fcgyint\u00e9z\u0151je, el\u00e9rhet\u0151s\u00e9ge\n\t\t\t<\/p>\n\t\t<\/td>\n\t\t<td width=\"410\" valign=\"top\">\n\t\t\t<p align=\"center\"><span class=\"wpcf7-form-control-wrap\" data-name=\"ceges-ugyintezo\"><input size=\"40\" maxlength=\"400\" class=\"wpcf7-form-control wpcf7-text\" aria-invalid=\"false\" placeholder=\"A K\u00f6lts\u00e9gvisel\u0151  \u00fcgyint\u00e9z\u0151je, el\u00e9rhet\u0151s\u00e9ge\" value=\"\" type=\"text\" name=\"ceges-ugyintezo\" \/><\/span>\n\t\t\t<\/p>\n\t\t<\/td>\n\t<\/tr>\n<\/table>\n<h3 style=\"padding: 0.5em; background-color: #0078D7; color: #FFF;\">K\u00e9pz\u00e9sre jelentkez\u0151 szem\u00e9ly nyilatkozatai:\n<\/h3>\n<table>\n\t<tr>\n\t\t<td width=\"390\" valign=\"top\">\n\t\t\t<p>Feln\u0151ttk\u00e9pz\u00e9si tev\u00e9kenys\u00e9ghez kapcsol\u00f3d\u00f3 szolg\u00e1ltat\u00e1st:\n\t\t\t<\/p>\n\t\t<\/td>\n\t\t<td width=\"410\" valign=\"top\">\n\t\t\t<p align=\"center\"><span class=\"wpcf7-form-control-wrap\" data-name=\"tovabbkepzes-szolg-tanacsadas\"><span class=\"wpcf7-form-control wpcf7-checkbox wpcf7-exclusive-checkbox\"><span class=\"wpcf7-list-item first\"><input type=\"checkbox\" name=\"tovabbkepzes-szolg-tanacsadas\" value=\"Ig\u00e9nylem\" \/><span class=\"wpcf7-list-item-label\">Ig\u00e9nylem<\/span><\/span><span class=\"wpcf7-list-item last\"><input type=\"checkbox\" name=\"tovabbkepzes-szolg-tanacsadas\" value=\"Nem ig\u00e9nylem\" \/><span class=\"wpcf7-list-item-label\">Nem ig\u00e9nylem<\/span><\/span><\/span><\/span>\n\t\t\t<\/p>\n\t\t<\/td>\n\t<\/tr>\n\t<tr>\n\t\t<td width=\"390\" valign=\"top\">\n\t\t\t<p>Tan\u00fas\u00edtv\u00e1ny ki\u00e1ll\u00edt\u00e1s\u00e1t:\n\t\t\t<\/p>\n\t\t<\/td>\n\t\t<td width=\"410\" valign=\"top\">\n\t\t\t<p align=\"center\"><span class=\"wpcf7-form-control-wrap\" data-name=\"tovabbkepzes-szolg-informacio\"><span class=\"wpcf7-form-control wpcf7-checkbox wpcf7-exclusive-checkbox\"><span class=\"wpcf7-list-item first\"><input type=\"checkbox\" name=\"tovabbkepzes-szolg-informacio\" value=\"Elektronikusan K\u00c9REM\" \/><span class=\"wpcf7-list-item-label\">Elektronikusan K\u00c9REM<\/span><\/span><span class=\"wpcf7-list-item\"><input type=\"checkbox\" name=\"tovabbkepzes-szolg-informacio\" value=\"Pap\u00edr alap\u00fa formm\u00e1tumban K\u00c9REM\" \/><span class=\"wpcf7-list-item-label\">Pap\u00edr alap\u00fa formm\u00e1tumban K\u00c9REM<\/span><\/span><span class=\"wpcf7-list-item last\"><input type=\"checkbox\" name=\"tovabbkepzes-szolg-informacio\" value=\"NEM K\u00c9REM\" \/><span class=\"wpcf7-list-item-label\">NEM K\u00c9REM<\/span><\/span><\/span><\/span>\n\t\t\t<\/p>\n\t\t<\/td>\n\t<\/tr>\n<\/table>\n<p>&nbsp;\n<\/p>\n<ul><span class=\"wpcf7-form-control-wrap\" data-name=\"accept-this-1\"><span class=\"wpcf7-form-control wpcf7-acceptance\"><span class=\"wpcf7-list-item\"><label><input type=\"checkbox\" name=\"accept-this-1\" value=\"1\" aria-invalid=\"false\" \/><span class=\"wpcf7-list-item-label\"><p>Nyilatkozom, hogy a feln\u0151ttk\u00e9pz\u00e9ssel kapcsolatos teljes k\u00f6r\u0171 t\u00e1j\u00e9koztat\u00e1st megkaptam (a feln\u0151ttk\u00e9pz\u0151k nyilv\u00e1ntart\u00e1s\u00e1ban szerepl\u0151 enged\u00e9lysz\u00e1m, k\u00e9pz\u00e9sr\u0151l t\u00e1j\u00e9koztat\u00f3, feln\u0151ttk\u00e9pz\u00e9si tev\u00e9kenys\u00e9ghez kapcsol\u00f3d\u00f3 szolg\u00e1ltat\u00e1s, k\u00e9pz\u00e9ssel kapcsolatos fizet\u00e9si felt\u00e9telek, fizet\u00e9si felt\u00e9telek, \u00fcgyf\u00e9lszolg\u00e1lat, panaszkezel\u00e9s, szerz\u0151d\u00e9sszeg\u00e9s, el\u00e1ll\u00e1si jog, adatkezel\u00e9si inform\u00e1ci\u00f3k, feln\u0151ttk\u00e9pz\u0151 adatszolg\u00e1ltat\u00e1sa)<\/p>\n<p>B\u00fcntet\u0151jogi felel\u0151ss\u00e9gem tudat\u00e1ban kijelentem, hogy a jelentkez\u00e9si lap adatai a val\u00f3s\u00e1gnak megfelelnek.<\/p>\n<p>K\u00e9pz\u00e9sre jelentkez\u0151 kijelentem, hogy az adatkezel\u00e9ssel kapcsolatos teljesk\u00f6r\u0171 t\u00e1j\u00e9koztat\u00f3t megismertem, a kit\u00f6lt\u00f6tt jelentkez\u00e9si lap feln\u0151ttk\u00e9pz\u0151nek val\u00f3 eljuttat\u00e1s\u00e1val adataim le\u00edrt c\u00e9lb\u00f3l t\u00f6rt\u00e9n\u0151 kezel\u00e9s\u00e9hez hozz\u00e1j\u00e1rulok. <div style=\"padding-left:2em;\">\n<p>Adatkezel\u00e9s c\u00e9lja: Feln\u0151ttk\u00e9pz\u00e9si t\u00f6rv\u00e9ny hat\u00e1lya al\u00e1 tartoz\u00f3 k\u00e9pz\u00e9sbe val\u00f3 bekapcsol\u00f3d\u00e1s <\/p\n<p>Adatkezel\u00e9s jogalapja: K\u00e9pz\u0151 tev\u00e9kenys\u00e9ge jogszer\u0171s\u00e9g\u00e9nek t\u00e1mogat\u00e1sa<\/li>\n<p>Adatkezel\u00e9s id\u0151tartama: Jelentkez\u00e9si lap kit\u00f6lt\u00e9s\u00e9nek napj\u00e1t\u00f3l a feln\u0151ttk\u00e9pz\u00e9si szerz\u0151d\u00e9sk\u00f6t\u00e9s napj\u00e1ig, illetve visszavon\u00e1sig.<\/p>\n<p>Adatok k\u00f6re: Jelentkez\u00e9si lapon szerepl\u0151 adatok k\u00f6re, a jelentkez\u0151 k\u00e9pz\u00e9ssel \u00f6sszef\u00fcgg\u0151 adatai, amelyek a k\u00e9pz\u00e9sben r\u00e9sztvev\u0151 szem\u00e9ly legmagasabb iskolai v\u00e9gzetts\u00e9g\u00e9vel, szakk\u00e9pes\u00edt\u00e9s\u00e9vel, szakk\u00e9pzetts\u00e9g\u00e9vel, idegen nyelvismeret\u00e9vel, a k\u00e9pz\u00e9sbe val\u00f3 bekapcsol\u00f3d\u00e1s\u00e1val kapcsolatosak.<\/p>\n<\/div>\nHozz\u00e1j\u00e1rulok, hogy a TINKT\u00daRA Oktat\u00e1si, Eg\u00e9szs\u00e9g\u00fcgyi \u00e9s Gazdas\u00e1gi, Szolg\u00e1ltat\u00f3 Bt. a k\u00e9pz\u00e9s ideje alatt a kapcsolattart\u00e1si \u00e9s egy\u00e9b adataimat kezelje.<\/span><\/label><\/span><\/span><\/span>\n\t<h3 class=\"figyelem\">A jelentkez\u00e9si lap a v\u00e9gzetts\u00e9g igazol\u00e1s\u00e1ra szolg\u00e1l\u00f3 bizony\u00edtv\u00e1ny m\u00e1solatokkal egy\u00fctt \u00e9rv\u00e9nyes.\n\t<\/h3>\n\t<p>&nbsp;\n\t<\/p>\n\t<p><strong>Seg\u00e9dlet a kit\u00f6lt\u00e9shez:<\/strong>\n\t<\/p>\n\t<p><span class=\"urlap-segitseg\">1<\/span>-hez: <strong><em>Dokumentummal igazolhat\u00f3 legmagasabb v\u00e9gzetts\u00e9g<\/em><\/strong><em><\/em>\n\t<\/p>\n\t<p><span class=\"urlap-segitseg\">2<\/span>-h\u00f6z: <strong><em>Kit\u00f6lt\u00e9se nem k\u00f6telez\u0151!<\/em><\/strong>\n\t<\/p>\n\t<p><span class=\"urlap-segitseg\"><strong>3<\/strong><\/span><strong><em> Kit\u00f6lt\u00e9se nem k\u00f6telez\u0151!<\/em><\/strong>\n\t<\/p>\n\n\n\n\n\n\n\n<input class=\"wpcf7-form-control wpcf7-submit has-spinner\" type=\"submit\" value=\"K\u00fcld\u00e9s\" \/>\n<\/ul><input type='hidden' class='wpcf7-pum' value='{\"closepopup\":false,\"closedelay\":0,\"openpopup\":false,\"openpopup_id\":0}' \/><div class=\"wpcf7-response-output\" aria-hidden=\"true\"><\/div>\n<\/form>\n<\/div>\n\n<\/div><\/div>\n<div class=\"su-spoiler su-spoiler-style-default su-spoiler-icon-plus su-spoiler-closed\" data-scroll-offset=\"0\" data-anchor-in-url=\"no\"><div class=\"su-spoiler-title\" tabindex=\"0\" role=\"button\"><span class=\"su-spoiler-icon\"><\/span>Offline jelentkez\u00e9s<\/div><div class=\"su-spoiler-content su-u-clearfix su-u-trim\">\n<h2>Offline jelentkez\u00e9s:<\/h2>\n<p>Kedves jelentkez\u0151, k\u00f6sz\u00f6nj\u00fck, hogy a TINKT\u00daRA Bt.-t v\u00e1lasztotta.<\/p>\n<p><a href=\"https:\/\/humanszolgaltatas.hu\/tinkturabt\/wp-content\/uploads\/2025\/02\/jelentkezesi-lap-ures-gazipari-muszaki-biztonsagi-felulvizsgalo-GMF_2025-001.doc\">Jelentkez\u00e9si lap<\/a><\/p>\n<p>K\u00e9rj\u00fck, hogy a kit\u00f6lt\u00f6tt \u00fcrlapot az al\u00e1bbi e-mail c\u00edmre k\u00fcldje:<br \/>\n<strong><span style=\"color: #0000ff;\">jelentkezes@humanszolgaltatas.hu<\/span><\/strong><\/p>\n<p>Munkat\u00e1rsunk igyekszik a felvenni \u00d6nnel a kapcsolatot.<\/p>\n<p>Amennyiben n\u00e9h\u00e1ny munkanapon bel\u00fcl nem \u00e9rkezik megkeres\u00e9s, krj\u00fck vegye fel \u00fajb\u00f3l a kapcsolatot vel\u00fcnk.<\/p>\n<\/div><\/div>\n<\/div>\n","protected":false},"excerpt":{"rendered":"","protected":false},"author":1,"featured_media":0,"parent":15,"menu_order":0,"comment_status":"closed","ping_status":"closed","template":"","meta":{"footnotes":""},"class_list":["post-3360","page","type-page","status-publish","hentry"],"_links":{"self":[{"href":"https:\/\/humanszolgaltatas.hu\/tinkturabt\/wp-json\/wp\/v2\/pages\/3360","targetHints":{"allow":["GET"]}}],"collection":[{"href":"https:\/\/humanszolgaltatas.hu\/tinkturabt\/wp-json\/wp\/v2\/pages"}],"about":[{"href":"https:\/\/humanszolgaltatas.hu\/tinkturabt\/wp-json\/wp\/v2\/types\/page"}],"author":[{"embeddable":true,"href":"https:\/\/humanszolgaltatas.hu\/tinkturabt\/wp-json\/wp\/v2\/users\/1"}],"replies":[{"embeddable":true,"href":"https:\/\/humanszolgaltatas.hu\/tinkturabt\/wp-json\/wp\/v2\/comments?post=3360"}],"version-history":[{"count":5,"href":"https:\/\/humanszolgaltatas.hu\/tinkturabt\/wp-json\/wp\/v2\/pages\/3360\/revisions"}],"predecessor-version":[{"id":3619,"href":"https:\/\/humanszolgaltatas.hu\/tinkturabt\/wp-json\/wp\/v2\/pages\/3360\/revisions\/3619"}],"up":[{"embeddable":true,"href":"https:\/\/humanszolgaltatas.hu\/tinkturabt\/wp-json\/wp\/v2\/pages\/15"}],"wp:attachment":[{"href":"https:\/\/humanszolgaltatas.hu\/tinkturabt\/wp-json\/wp\/v2\/media?parent=3360"}],"curies":[{"name":"wp","href":"https:\/\/api.w.org\/{rel}","templated":true}]}}