{"id":2854,"date":"2021-03-15T23:55:52","date_gmt":"2021-03-15T22:55:52","guid":{"rendered":"http:\/\/humanszolgaltatas.hu\/tinkturabt\/?page_id=2854"},"modified":"2022-09-02T17:57:06","modified_gmt":"2022-09-02T15:57:06","slug":"jelentkezesi-lap-penztaros-kepzes","status":"publish","type":"page","link":"https:\/\/humanszolgaltatas.hu\/tinkturabt\/jelentkezes\/jelentkezesi-lap-penztaros-kepzes\/","title":{"rendered":"Jelentkez\u00e9si lap \u2013 P\u00c9NZT\u00c1ROS K\u00e9pz\u00e9s"},"content":{"rendered":"<div class=\"su-accordion su-u-trim\">\n<div class=\"su-spoiler su-spoiler-style-default su-spoiler-icon-plus su-spoiler-closed\" data-scroll-offset=\"0\" data-anchor-in-url=\"no\"><div class=\"su-spoiler-title\" tabindex=\"0\" role=\"button\"><span class=\"su-spoiler-icon\"><\/span>Online jelentkez\u00e9s<\/div><div class=\"su-spoiler-content su-u-clearfix su-u-trim\">\n<h2>Online jelentkez\u00e9s:<\/h2>\n\n<div class=\"wpcf7 no-js\" id=\"wpcf7-f2853-o1\" lang=\"hu-HU\" dir=\"ltr\" data-wpcf7-id=\"2853\">\n<div class=\"screen-reader-response\"><p role=\"status\" aria-live=\"polite\" aria-atomic=\"true\"><\/p> <ul><\/ul><\/div>\n<form action=\"\/tinkturabt\/wp-json\/wp\/v2\/pages\/2854#wpcf7-f2853-o1\" method=\"post\" class=\"wpcf7-form init\" aria-label=\"Kapcsolatfelv\u00e9teli \u0171rlap\" novalidate=\"novalidate\" data-status=\"init\">\n<fieldset class=\"hidden-fields-container\"><input type=\"hidden\" name=\"_wpcf7\" value=\"2853\" \/><input type=\"hidden\" name=\"_wpcf7_version\" value=\"6.1.5\" \/><input type=\"hidden\" name=\"_wpcf7_locale\" value=\"hu_HU\" \/><input type=\"hidden\" name=\"_wpcf7_unit_tag\" value=\"wpcf7-f2853-o1\" \/><input type=\"hidden\" name=\"_wpcf7_container_post\" value=\"0\" \/><input type=\"hidden\" name=\"_wpcf7_posted_data_hash\" value=\"\" \/><input type=\"hidden\" name=\"_wpcf7cf_hidden_group_fields\" value=\"[]\" \/><input type=\"hidden\" name=\"_wpcf7cf_hidden_groups\" value=\"[]\" \/><input type=\"hidden\" name=\"_wpcf7cf_visible_groups\" value=\"[]\" \/><input type=\"hidden\" name=\"_wpcf7cf_repeaters\" value=\"[]\" \/><input type=\"hidden\" name=\"_wpcf7cf_steps\" value=\"{}\" \/><input type=\"hidden\" name=\"_wpcf7cf_options\" value=\"{&quot;form_id&quot;:2853,&quot;conditions&quot;:[],&quot;settings&quot;:{&quot;animation&quot;:&quot;yes&quot;,&quot;animation_intime&quot;:200,&quot;animation_outtime&quot;:200,&quot;conditions_ui&quot;:&quot;normal&quot;,&quot;notice_dismissed&quot;:false,&quot;notice_dismissed_rollback-cf7-5.8&quot;:true,&quot;notice_dismissed_rollback-cf7-5.8.3&quot;:true,&quot;notice_dismissed_rollback-cf7-5.8.7&quot;:true,&quot;notice_dismissed_rollback-cf7-6.0.1&quot;:true}}\" \/><input type=\"hidden\" name=\"_wpcf7_recaptcha_response\" value=\"\" \/>\n<\/fieldset>\n<p>Online jelentkez\u00e9si lap:\n<\/p>\n<h3 style=\"padding: 0.5em; background-color: #0078D7; color: #FFF;\">K\u00e9pz\u00e9s adatok:\n<\/h3>\n<ul>\n\t<li>\n\t\t<p>A k\u00e9pz\u00e9s megnevez\u00e9se: P\u00c9NZT\u00c1ROS K\u00e9pz\u00e9s\n\t\t<\/p>\n\t<\/li>\n\t<li>\n\t\t<p>Feln\u0151ttk\u00e9pz\u0151 nyilv\u00e1ntart\u00e1si sz\u00e1ma: B\/2020\/000201\n\t\t<\/p>\n\t<\/li>\n<\/ul>\n<h3 style=\"padding: 0.5em; background-color: #0078D7; color: #FFF;\"><strong>A jelentkez\u0151 adatai: <\/strong>\n<\/h3>\n<table border=\"0\" cellspacing=\"0\" cellpadding=\"0\" class=\"urlap\">\n\t<tr>\n\t\t<td width=\"390\" valign=\"top\">\n\t\t\t<p>&nbsp;\n\t\t\t<\/p>\n\t\t<\/td>\n\t\t<td width=\"410\" valign=\"top\">\n\t\t\t<p align=\"center\"><strong>&nbsp;<\/strong>\n\t\t\t<\/p>\n\t\t<\/td>\n\t<\/tr>\n\t<tr>\n\t\t<td width=\"390\" valign=\"top\">\n\t\t\t<p>N\u00e9v:\n\t\t\t<\/p>\n\t\t<\/td>\n\t\t<td width=\"410\" valign=\"top\">\n\t\t\t<p align=\"center\"><span class=\"wpcf7-form-control-wrap\" data-name=\"jelentkezo-nev\"><input size=\"40\" maxlength=\"400\" class=\"wpcf7-form-control wpcf7-text wpcf7-validates-as-required\" aria-required=\"true\" aria-invalid=\"false\" placeholder=\"A jelentkez\u0151 neve\" value=\"\" type=\"text\" name=\"jelentkezo-nev\" \/><\/span>\n\t\t\t<\/p>\n\t\t<\/td>\n\t<\/tr>\n\t<tr>\n\t\t<td width=\"390\" valign=\"top\">\n\t\t\t<p>Sz\u00fclet\u00e9skori n\u00e9v:<strong><\/strong>\n\t\t\t<\/p>\n\t\t<\/td>\n\t\t<td width=\"410\" valign=\"top\">\n\t\t\t<p align=\"center\"><span class=\"wpcf7-form-control-wrap\" data-name=\"jelentkezo-szul-nev\"><input size=\"40\" maxlength=\"400\" class=\"wpcf7-form-control wpcf7-text wpcf7-validates-as-required\" aria-required=\"true\" aria-invalid=\"false\" placeholder=\"A jelentkez\u0151 sz\u00fclet\u00e9skori neve\" value=\"\" type=\"text\" name=\"jelentkezo-szul-nev\" \/><\/span>\n\t\t\t<\/p>\n\t\t<\/td>\n\t<\/tr>\n\t<tr>\n\t\t<td width=\"390\" valign=\"top\">\n\t\t\t<p>Sz\u00fcl. hely, id\u0151 (\u00e9v, h\u00f3, nap):<strong><\/strong>\n\t\t\t<\/p>\n\t\t<\/td>\n\t\t<td width=\"410\" valign=\"top\">\n\t\t\t<p align=\"center\"><span class=\"wpcf7-form-control-wrap\" data-name=\"jelentkezo-szuletesi\"><input size=\"40\" maxlength=\"400\" class=\"wpcf7-form-control wpcf7-text wpcf7-validates-as-required\" aria-required=\"true\" aria-invalid=\"false\" placeholder=\"Sz\u00fcl.    hely, id\u0151 (\u00e9v, h\u00f3, nap)\" value=\"\" type=\"text\" name=\"jelentkezo-szuletesi\" \/><\/span>\n\t\t\t<\/p>\n\t\t<\/td>\n\t<\/tr>\n\t<tr>\n\t\t<td width=\"390\" valign=\"top\">\n\t\t\t<p>Anyja sz\u00fclet\u00e9skori neve:\n\t\t\t<\/p>\n\t\t<\/td>\n\t\t<td width=\"410\" valign=\"top\">\n\t\t\t<p align=\"center\"><span class=\"wpcf7-form-control-wrap\" data-name=\"jelentkezo-anyja-szul-nev\"><input size=\"40\" maxlength=\"400\" class=\"wpcf7-form-control wpcf7-text wpcf7-validates-as-required\" aria-required=\"true\" aria-invalid=\"false\" placeholder=\"A jelentkez\u0151 anyja sz\u00fclet\u00e9skori neve\" value=\"\" type=\"text\" name=\"jelentkezo-anyja-szul-nev\" \/><\/span>\n\t\t\t<\/p>\n\t\t<\/td>\n\t<\/tr>\n\t<tr>\n\t\t<td width=\"390\" valign=\"top\">\n\t\t\t<p>Lakc\u00edme:\n\t\t\t<\/p>\n\t\t<\/td>\n\t\t<td width=\"410\" valign=\"top\">\n\t\t\t<p align=\"center\"><span class=\"wpcf7-form-control-wrap\" data-name=\"jelentkezo-lakcim\"><input size=\"40\" maxlength=\"400\" class=\"wpcf7-form-control wpcf7-text wpcf7-validates-as-required\" aria-required=\"true\" aria-invalid=\"false\" placeholder=\"Ir\u00e1ny\u00edt\u00f3sz\u00e1m, Lakhely, \u00dat\/utca, H\u00e1zsz\u00e1m\" value=\"\" type=\"text\" name=\"jelentkezo-lakcim\" \/><\/span>\n\t\t\t<\/p>\n\t\t<\/td>\n\t<\/tr>\n\t<tr>\n\t\t<td width=\"390\" valign=\"top\">\n\t\t\t<p>Tart\u00f3zkod\u00e1si c\u00edme:\n\t\t\t<\/p>\n\t\t<\/td>\n\t\t<td width=\"410\" valign=\"top\">\n\t\t\t<p align=\"center\"><span class=\"wpcf7-form-control-wrap\" data-name=\"jelentkezo-tartozkodasi\"><input size=\"40\" maxlength=\"400\" class=\"wpcf7-form-control wpcf7-text wpcf7-validates-as-required\" aria-required=\"true\" aria-invalid=\"false\" placeholder=\"Ir\u00e1ny\u00edt\u00f3sz\u00e1m, Lakhely, \u00dat\/utca, H\u00e1zsz\u00e1m\" value=\"\" type=\"text\" name=\"jelentkezo-tartozkodasi\" \/><\/span>\n\t\t\t<\/p>\n\t\t<\/td>\n\t<\/tr>\n\t<tr>\n\t\t<td width=\"390\" valign=\"top\">\n\t\t\t<p>Telefon\/fax-, mobil sz\u00e1ma (lak\u00e1s, munkahely):\n\t\t\t<\/p>\n\t\t<\/td>\n\t\t<td width=\"410\" valign=\"top\">\n\t\t\t<p align=\"center\"><span class=\"wpcf7-form-control-wrap\" data-name=\"jelentkezo-telefon\"><input size=\"40\" maxlength=\"400\" class=\"wpcf7-form-control wpcf7-text wpcf7-validates-as-required\" aria-required=\"true\" aria-invalid=\"false\" placeholder=\"Telefon\/fax-,    mobil sz\u00e1ma (lak\u00e1s, munkahely)\" value=\"\" type=\"text\" name=\"jelentkezo-telefon\" \/><\/span>\n\t\t\t<\/p>\n\t\t<\/td>\n\t<\/tr>\n\t<tr>\n\t\t<td width=\"390\" valign=\"top\">\n\t\t\t<p>E-mail c\u00edm:\n\t\t\t<\/p>\n\t\t<\/td>\n\t\t<td width=\"410\" valign=\"top\">\n\t\t\t<p align=\"center\"><span class=\"wpcf7-form-control-wrap\" data-name=\"jelentkezo-e-mail\"><input size=\"40\" maxlength=\"400\" class=\"wpcf7-form-control wpcf7-email wpcf7-validates-as-required wpcf7-text wpcf7-validates-as-email\" aria-required=\"true\" aria-invalid=\"false\" placeholder=\"A jelentkez\u0151 e-mail c\u00edme.\" value=\"\" type=\"email\" name=\"jelentkezo-e-mail\" \/><\/span>\n\t\t\t<\/p>\n\t\t<\/td>\n\t<\/tr>\n\t<tr>\n\t\t<td width=\"390\" valign=\"top\">\n\t\t\t<p>T\u00e1rsadalombiztos\u00edt\u00e1si azonos\u00edt\u00f3 jele:\n\t\t\t<\/p>\n\t\t<\/td>\n\t\t<td width=\"410\" valign=\"top\">\n\t\t\t<p align=\"center\"><span class=\"wpcf7-form-control-wrap\" data-name=\"jelentkezo-tbszam\"><input size=\"40\" maxlength=\"400\" class=\"wpcf7-form-control wpcf7-text wpcf7-validates-as-required\" aria-required=\"true\" aria-invalid=\"false\" placeholder=\"T\u00e1rsadalombiztos\u00edt\u00e1si    azonos\u00edt\u00f3 jele\" value=\"\" type=\"text\" name=\"jelentkezo-tbszam\" \/><\/span>\n\t\t\t<\/p>\n\t\t<\/td>\n\t<\/tr>\n\t<tr>\n\t\t<td width=\"390\" valign=\"top\">\n\t\t\t<p>\u00c1llampolg\u00e1rs\u00e1ga:\n\t\t\t<\/p>\n\t\t\t<p><em style=\"font-size: 10px;\">Nem magyar \u00e1llampolg\u00e1r eset\u00e9n, Magyarorsz\u00e1gon val\u00f3 tart\u00f3zkod\u00e1s\u00e1nak jogc\u00edme \u00e9s a tart\u00f3zkod\u00e1sra jogos\u00edt\u00f3 okirat, okm\u00e1ny megnevez\u00e9se \u00e9s sz\u00e1ma:<\/em>\n\t\t\t<\/p>\n\t\t<\/td>\n\t\t<td width=\"410\" valign=\"top\">\n\t\t\t<p align=\"center\"><span class=\"wpcf7-form-control-wrap\" data-name=\"jelentkezo-allampolgarsag\"><input size=\"40\" maxlength=\"400\" class=\"wpcf7-form-control wpcf7-text wpcf7-validates-as-required\" aria-required=\"true\" aria-invalid=\"false\" placeholder=\"\u00c1llampolg\u00e1rs\u00e1g\" value=\"\" type=\"text\" name=\"jelentkezo-allampolgarsag\" \/><\/span>\n\t\t\t<\/p>\n\t\t<\/td>\n\t<\/tr>\n\t<tr>\n\t\t<td width=\"390\" valign=\"top\">\n\t\t\t<p><strong>Legmagasabb (befejezett) iskolai v\u00e9gzetts\u00e9ge<span class=\"urlap-segitseg\" title=\"Dokumentummal igazolhat\u00f3 legmagasabb v\u00e9gzetts\u00e9g\">1<\/span>: <\/strong>\n\t\t\t<\/p>\n\t\t<\/td>\n\t\t<td width=\"410\" valign=\"top\">\n\t\t\t<p align=\"center\"><br \/>\n<span class=\"wpcf7-form-control-wrap\" data-name=\"legmagasabb-isk-vegzettseg\"><select class=\"wpcf7-form-control wpcf7-select wpcf7-validates-as-required\" aria-required=\"true\" aria-invalid=\"false\" name=\"legmagasabb-isk-vegzettseg\"><option value=\"\">&#8212; K\u00e9rj\u00fck, v\u00e1lasszon egy opci\u00f3t &#8212;<\/option><option value=\"8 \u00e1ltal\u00e1nosn\u00e1l kevesebb, befejezett 8 \u00e1ltal\u00e1nos\">8 \u00e1ltal\u00e1nosn\u00e1l kevesebb, befejezett 8 \u00e1ltal\u00e1nos<\/option><option value=\"befejezett 10. oszt\u00e1ly\">befejezett 10. oszt\u00e1ly<\/option><option value=\"szakiskola\">szakiskola<\/option><option value=\"speci\u00e1lis szakiskol\u00e1ban\">speci\u00e1lis szakiskol\u00e1ban<\/option><option value=\"megszerzett szakk\u00e9pes\u00edt\u00e9s,\">megszerzett szakk\u00e9pes\u00edt\u00e9s,<\/option><option value=\"szak(munk\u00e1sk\u00e9pz\u0151)\">szak(munk\u00e1sk\u00e9pz\u0151)<\/option><option value=\"iskol\u00e1ban megszerzett szakk\u00e9pes\u00edt\u00e9s\">iskol\u00e1ban megszerzett szakk\u00e9pes\u00edt\u00e9s<\/option><option value=\"szakk\u00f6z\u00e9piskola 12. \u00e9vfolyam\u00e1nak sikeres elv\u00e9gz\u00e9s\u00e9t tan\u00fas\u00edt\u00f3 k\u00f6z\u00e9pfok\u00fa v\u00e9gzetts\u00e9g\">szakk\u00f6z\u00e9piskola 12. \u00e9vfolyam\u00e1nak sikeres elv\u00e9gz\u00e9s\u00e9t tan\u00fas\u00edt\u00f3 k\u00f6z\u00e9pfok\u00fa v\u00e9gzetts\u00e9g<\/option><option value=\"gimn\u00e1zium 12. \u00e9vfolyam\u00e1nak sikeres elv\u00e9gz\u00e9s\u00e9t tan\u00fas\u00edt\u00f3 k\u00f6z\u00e9pfok\u00fa v\u00e9gzetts\u00e9g\">gimn\u00e1zium 12. \u00e9vfolyam\u00e1nak sikeres elv\u00e9gz\u00e9s\u00e9t tan\u00fas\u00edt\u00f3 k\u00f6z\u00e9pfok\u00fa v\u00e9gzetts\u00e9g<\/option><option value=\"szakk\u00f6z\u00e9piskolai szakma \u00e9retts\u00e9gi v\u00e9gzetts\u00e9g\">szakk\u00f6z\u00e9piskolai szakma \u00e9retts\u00e9gi v\u00e9gzetts\u00e9g<\/option><option value=\"gimn\u00e1ziumi \u00e9retts\u00e9gi v\u00e9gzetts\u00e9g\">gimn\u00e1ziumi \u00e9retts\u00e9gi v\u00e9gzetts\u00e9g<\/option><option value=\"technikumi v\u00e9gzetts\u00e9g\">technikumi v\u00e9gzetts\u00e9g<\/option><option value=\"fels\u0151fok\u00fa v\u00e9gzetts\u00e9gi szintet bizony\u00edt\u00f3 f\u0151iskolai, egyetemi oklev\u00e9l\">fels\u0151fok\u00fa v\u00e9gzetts\u00e9gi szintet bizony\u00edt\u00f3 f\u0151iskolai, egyetemi oklev\u00e9l<\/option><\/select><\/span>\n\t\t\t<\/p>\n\t\t<\/td>\n\t<\/tr>\n\t<tr>\n\t\t<td width=\"390\" valign=\"top\">\n\t\t\t<p><strong>Megl\u00e9v\u0151 k\u00e9pzetts\u00e9ge(i):<\/strong>\n\t\t\t<\/p>\n\t\t\t<ul>\n\t\t\t\t<li>\n\t\t\t\t\t<p>OKJ-s szakk\u00e9pes\u00edt\u00e9se \u00e9s sz\u00e1ma:\n\t\t\t\t\t<\/p>\n\t\t\t\t<\/li>\n\t\t\t\t<li>\n\t\t\t\t\t<p>Nem OKJ-s k\u00e9pzetts\u00e9ge:<strong><\/strong>\n\t\t\t\t\t<\/p>\n\t\t\t\t<\/li>\n\t\t\t<\/ul>\n\t\t<\/td>\n\t\t<td width=\"410\" valign=\"top\">\n\t\t\t<p align=\"center\"><span class=\"wpcf7-form-control-wrap\" data-name=\"jelentkezo-kepzettsegek\"><input size=\"40\" maxlength=\"400\" class=\"wpcf7-form-control wpcf7-text wpcf7-validates-as-required\" aria-required=\"true\" aria-invalid=\"false\" placeholder=\"Megl\u00e9v\u0151 k\u00e9pzetts\u00e9ge(i)\" value=\"\" type=\"text\" name=\"jelentkezo-kepzettsegek\" \/><\/span>\n\t\t\t<\/p>\n\t\t<\/td>\n\t<\/tr>\n\t<tr>\n\t\t<td width=\"390\" valign=\"top\">\n\t\t\t<p>Nyelvismerete:<strong><\/strong>\n\t\t\t<\/p>\n\t\t<\/td>\n\t\t<td width=\"410\" valign=\"top\">\n\t\t\t<p align=\"center\"><span class=\"wpcf7-form-control-wrap\" data-name=\"jelentkezo-nyelvismeret\"><input size=\"40\" maxlength=\"400\" class=\"wpcf7-form-control wpcf7-text wpcf7-validates-as-required\" aria-required=\"true\" aria-invalid=\"false\" placeholder=\"Nyelvismerete\" value=\"\" type=\"text\" name=\"jelentkezo-nyelvismeret\" \/><\/span>\n\t\t\t<\/p>\n\t\t<\/td>\n\t<\/tr>\n\t<tr>\n\t\t<td width=\"390\" valign=\"top\">\n\t\t\t<p>Munkajogi st\u00e1tusza<strong><span class=\"urlap-segitseg\" title=\"Kit\u00f6lt\u00e9se nem k\u00f6telez\u0151!\u00a0\">2<\/span><\/strong>:\n\t\t\t<\/p>\n\t\t<\/td>\n\t\t<td width=\"410\" valign=\"top\">\n\t\t\t<p><br \/>\n<span class=\"wpcf7-form-control-wrap\" data-name=\"munkajogi-status\"><select class=\"wpcf7-form-control wpcf7-select wpcf7-validates-as-required\" aria-required=\"true\" aria-invalid=\"false\" name=\"munkajogi-status\"><option value=\"\">&#8212; K\u00e9rj\u00fck, v\u00e1lasszon egy opci\u00f3t &#8212;<\/option><option value=\"alkalmazott\">alkalmazott<\/option><option value=\"v\u00e1llalkoz\u00f3\">v\u00e1llalkoz\u00f3<\/option><option value=\"v\u00e1llalkoz\u00f3 cs. tagja\">v\u00e1llalkoz\u00f3 cs. tagja<\/option><option value=\"gyeden, gyesen, gyeten l\u00e9v\u0151\">gyeden, gyesen, gyeten l\u00e9v\u0151<\/option><option value=\"fizet\u00e9s n\u00e9lk\u00fcli gyakornok\">fizet\u00e9s n\u00e9lk\u00fcli gyakornok<\/option><option value=\"\u00e1ll\u00e1skeres\u0151\">\u00e1ll\u00e1skeres\u0151<\/option><option value=\"h\u00e1ztart\u00e1sbeli\">h\u00e1ztart\u00e1sbeli<\/option><option value=\"egy\u00e9b inakt\u00edv\">egy\u00e9b inakt\u00edv<\/option><option value=\"munkak\u00e9ptelen (rokkant)\">munkak\u00e9ptelen (rokkant)<\/option><option value=\"tanul\u00f3\">tanul\u00f3<\/option><option value=\"nyugd\u00edjas\">nyugd\u00edjas<\/option><option value=\"Egy\u00e9b\">Egy\u00e9b<\/option><\/select><\/span>\n\t\t\t<\/p>\n\t\t\t<div data-id=\"munkajogi-egyeb\" data-orig_data_id=\"munkajogi-egyeb\"  data-class=\"wpcf7cf_group\">\n\t\t\t\t<p><span class=\"wpcf7-form-control-wrap\" data-name=\"munkajogi-egyeb-status\"><input size=\"40\" maxlength=\"400\" class=\"wpcf7-form-control wpcf7-text\" aria-invalid=\"false\" placeholder=\"Egy\u00e9b munkajogi st\u00e1tusz neve\" value=\"\" type=\"text\" name=\"munkajogi-egyeb-status\" \/><\/span>\n\t\t\t\t<\/p>\n\t\t\t<\/div>\n\t\t<\/td>\n\t<\/tr>\n\t<tr>\n\t\t<td width=\"390\" valign=\"top\">\n\t\t\t<p>Munkahely\u00e9nek neve, c\u00edme, telefonsz\u00e1ma<strong><span class=\"urlap-segitseg\" title=\"Kit\u00f6lt\u00e9se nem k\u00f6telez\u0151!\">3<\/span><\/strong>:\n\t\t\t<\/p>\n\t\t\t<p>Beoszt\u00e1sa a munkahely\u00e9n:\n\t\t\t<\/p>\n\t\t<\/td>\n\t\t<td width=\"410\" valign=\"top\">\n\t\t\t<p><span class=\"wpcf7-form-control-wrap\" data-name=\"munkahelyi-adatok\"><textarea cols=\"40\" rows=\"10\" maxlength=\"2000\" class=\"wpcf7-form-control wpcf7-textarea\" aria-invalid=\"false\" placeholder=\"Munkahelyi adatok\" name=\"munkahelyi-adatok\"><\/textarea><\/span>\n\t\t\t<\/p>\n\t\t<\/td>\n\t<\/tr>\n\t<tr>\n\t\t<td width=\"390\" valign=\"top\">\n\t\t\t<p>A t\u00e1mogat\u00f3 neve, c\u00edme, telefonsz\u00e1ma:\n\t\t\t<\/p>\n\t\t\t<ul>\n\t\t\t\t<li>\n\t\t\t\t\t<p>a t\u00e1mogat\u00f3 dokumentum sz\u00e1ma:\n\t\t\t\t\t<\/p>\n\t\t\t\t<\/li>\n\t\t\t\t<li>\n\t\t\t\t\t<p>a t\u00e1mogat\u00e1s m\u00e9rt\u00e9ke:\n\t\t\t\t\t<\/p>\n\t\t\t\t<\/li>\n\t\t\t\t<li>\n\t\t\t\t\t<p>a t\u00e1mogat\u00e1s forr\u00e1sa:\n\t\t\t\t\t<\/p>\n\t\t\t\t<\/li>\n\t\t\t<\/ul>\n\t\t<\/td>\n\t\t<td width=\"410\" valign=\"top\">\n\t\t\t<p align=\"center\"><span class=\"wpcf7-form-control-wrap\" data-name=\"tamogato-adatok\"><textarea cols=\"40\" rows=\"10\" maxlength=\"2000\" class=\"wpcf7-form-control wpcf7-textarea\" aria-invalid=\"false\" placeholder=\"T\u00e1mogat\u00f3i adatok\" name=\"tamogato-adatok\"><\/textarea><\/span>\n\t\t\t<\/p>\n\t\t<\/td>\n\t<\/tr>\n<\/table>\n<h3 align=\"left\" style=\"padding: 0.5em; background-color: #0078D7; color: #FFF;\"><strong>A feln\u0151ttk\u00e9pz\u00e9st kieg\u00e9sz\u00edt\u0151 tev\u00e9kenys\u00e9gek k\u00f6z\u00fcl az al\u00e1bbiakat k\u00edv\u00e1nom ig\u00e9nybe venni:<\/strong>\n<\/h3>\n<p><span class=\"wpcf7-form-control-wrap\" data-name=\"kiegeszito-felnottkepzesi-tevekenyseg\"><span class=\"wpcf7-form-control wpcf7-checkbox wpcf7-validates-as-required\"><span class=\"wpcf7-list-item first\"><label><span class=\"wpcf7-list-item-label\">El\u0151zetesen megszerzett tud\u00e1s besz\u00e1m\u00edt\u00e1sa<\/span><input type=\"checkbox\" name=\"kiegeszito-felnottkepzesi-tevekenyseg[]\" value=\"El\u0151zetesen megszerzett tud\u00e1s besz\u00e1m\u00edt\u00e1sa\" \/><\/label><\/span><span class=\"wpcf7-list-item last\"><label><span class=\"wpcf7-list-item-label\">Ment\u00e1lhigi\u00e9n\u00e9s tan\u00e1csad\u00e1s<\/span><input type=\"checkbox\" name=\"kiegeszito-felnottkepzesi-tevekenyseg[]\" value=\"Ment\u00e1lhigi\u00e9n\u00e9s tan\u00e1csad\u00e1s\" \/><\/label><\/span><\/span><\/span>\n<\/p>\n<p>&nbsp;\n<\/p>\n<p><span class=\"wpcf7-form-control-wrap\" data-name=\"accept-this-1\"><span class=\"wpcf7-form-control wpcf7-acceptance\"><span class=\"wpcf7-list-item\"><label><input type=\"checkbox\" name=\"accept-this-1\" value=\"1\" aria-invalid=\"false\" \/><span class=\"wpcf7-list-item-label\">Nyilatkozom, hogy a k\u00e9pz\u00e9ssel kapcsolatos teljes k\u00f6r\u0171 t\u00e1j\u00e9koztat\u00e1st megkaptam. (k\u00e9pz\u00e9si t\u00e1j\u00e9koztat\u00f3, k\u00e9pz\u00e9si program tartalma, k\u00e9pz\u00e9si d\u00edj, fizet\u00e9si felt\u00e9telek, \u00fcgyf\u00e9lszolg\u00e1lati rend, panaszkezel\u00e9s, feln\u0151ttk\u00e9pz\u00e9st kieg\u00e9sz\u00edt\u0151 tev\u00e9kenys\u00e9gek ig\u00e9nybev\u00e9tel\u00e9nek m\u00f3dja)\nB\u00fcntet\u0151jogi felel\u0151ss\u00e9gem tudat\u00e1ban kijelentem, hogy a jelentkez\u00e9si lap adatai a val\u00f3s\u00e1gnak megfelelnek.\nHozz\u00e1j\u00e1rulok az Fktv. \u00e1ltal meghat\u00e1rozott adataim k\u00e9pz\u00e9ssel kapcsolatos dokumentumokban t\u00f6rt\u00e9n\u0151 felhaszn\u00e1l\u00e1s\u00e1hoz \u00e9s kezel\u00e9s\u00e9hez.<\/span><\/label><\/span><\/span><\/span>\n<\/p>\n<p>&nbsp;\n<\/p>\n<p><strong>Seg\u00e9dlet a kit\u00f6lt\u00e9shez:<\/strong>\n<\/p>\n<p><span class=\"urlap-segitseg\">1<\/span>-hez: <strong><em>Dokumentummal igazolhat\u00f3 legmagasabb v\u00e9gzetts\u00e9g<\/em><\/strong><em><\/em>\n<\/p>\n<p><span class=\"urlap-segitseg\">2<\/span>-h\u00f6z: <strong><em>Kit\u00f6lt\u00e9se nem k\u00f6telez\u0151!<\/em><\/strong>\n<\/p>\n<p><span class=\"urlap-segitseg\"><strong>3<\/strong><\/span><strong><em> Kit\u00f6lt\u00e9se nem k\u00f6telez\u0151!<\/em><\/strong>\n<\/p>\n<p><input class=\"wpcf7-form-control wpcf7-submit has-spinner\" type=\"submit\" value=\"K\u00fcld\u00e9s\" \/>\n<\/p><input type='hidden' class='wpcf7-pum' value='{\"closepopup\":false,\"closedelay\":0,\"openpopup\":false,\"openpopup_id\":0}' \/><div class=\"wpcf7-response-output\" aria-hidden=\"true\"><\/div>\n<\/form>\n<\/div>\n\n<p>Jelentkez\u00e9si lap &#8211; P\u00c9NZT\u00c1ROS K\u00e9pz\u00e9s<\/p>\n<\/div><\/div>\n<div class=\"su-spoiler su-spoiler-style-default su-spoiler-icon-plus su-spoiler-closed\" data-scroll-offset=\"0\" data-anchor-in-url=\"no\"><div class=\"su-spoiler-title\" tabindex=\"0\" role=\"button\"><span class=\"su-spoiler-icon\"><\/span>Offline jelentkez\u00e9s<\/div><div class=\"su-spoiler-content su-u-clearfix su-u-trim\">\n<h2>Offline jelentkez\u00e9s:<\/h2>\n<p>Kedves jelentkez\u0151, k\u00f6sz\u00f6nj\u00fck, hogy a TINKT\u00daRA Bt.-t v\u00e1lasztotta.<\/p>\n<style> #button6395{border-radius:5px;} #button6395:hover{}#button6395:hover{}<\/style><a target=\"_blank\" id=\"button6395\" class=\"button blue\" href=\"https:\/\/humanszolgaltatas.hu\/tinkturabt\/wp-content\/uploads\/2020\/12\/jelentkezesi-lap__-AG_2020..doc\">Jelentkez\u00e9si lap let\u00f6lt\u00e9se <\/a>\n<p>K\u00e9rem, hogy a kit\u00f6lt\u00f6tt jelentkez\u00e9si lapj\u00e1t k\u00fcldje az al\u00e1bbi e-mail c\u00edmre:<br \/>\n<strong><span style=\"color: #0000ff;\">jelentkezes@humanszolgaltatas.hu<\/span><\/strong><\/p>\n<\/div><\/div>\n<\/div>\n","protected":false},"excerpt":{"rendered":"","protected":false},"author":1,"featured_media":0,"parent":15,"menu_order":0,"comment_status":"closed","ping_status":"closed","template":"","meta":{"footnotes":""},"class_list":["post-2854","page","type-page","status-publish","hentry"],"_links":{"self":[{"href":"https:\/\/humanszolgaltatas.hu\/tinkturabt\/wp-json\/wp\/v2\/pages\/2854","targetHints":{"allow":["GET"]}}],"collection":[{"href":"https:\/\/humanszolgaltatas.hu\/tinkturabt\/wp-json\/wp\/v2\/pages"}],"about":[{"href":"https:\/\/humanszolgaltatas.hu\/tinkturabt\/wp-json\/wp\/v2\/types\/page"}],"author":[{"embeddable":true,"href":"https:\/\/humanszolgaltatas.hu\/tinkturabt\/wp-json\/wp\/v2\/users\/1"}],"replies":[{"embeddable":true,"href":"https:\/\/humanszolgaltatas.hu\/tinkturabt\/wp-json\/wp\/v2\/comments?post=2854"}],"version-history":[{"count":1,"href":"https:\/\/humanszolgaltatas.hu\/tinkturabt\/wp-json\/wp\/v2\/pages\/2854\/revisions"}],"predecessor-version":[{"id":3168,"href":"https:\/\/humanszolgaltatas.hu\/tinkturabt\/wp-json\/wp\/v2\/pages\/2854\/revisions\/3168"}],"up":[{"embeddable":true,"href":"https:\/\/humanszolgaltatas.hu\/tinkturabt\/wp-json\/wp\/v2\/pages\/15"}],"wp:attachment":[{"href":"https:\/\/humanszolgaltatas.hu\/tinkturabt\/wp-json\/wp\/v2\/media?parent=2854"}],"curies":[{"name":"wp","href":"https:\/\/api.w.org\/{rel}","templated":true}]}}