{"id":2832,"date":"2021-03-15T23:10:22","date_gmt":"2021-03-15T22:10:22","guid":{"rendered":"http:\/\/humanszolgaltatas.hu\/tinkturabt\/?page_id=2832"},"modified":"2022-01-31T14:53:49","modified_gmt":"2022-01-31T13:53:49","slug":"szolgaltatasok-es-traningek","status":"publish","type":"page","link":"https:\/\/humanszolgaltatas.hu\/tinkturabt\/szolgaltatasok-es-traningek\/","title":{"rendered":"Szolg\u00e1ltat\u00e1sok \u00e9s tr\u00e9ningek"},"content":{"rendered":"","protected":false},"excerpt":{"rendered":"<p>A saj\u00e1t otthonban ny\u00fajtott napk\u00f6zbeni gyermekfel\u00fcgyelet c\u00e9lj\u00e1t az al\u00e1bbiakban hat\u00e1roztuk meg:<br \/>\n\u2022\tmagas szakmai sz\u00ednvonalon,<br \/>\n\u2022\tsaj\u00e1t otthonban,<br \/>\n\u2022\ta csal\u00e1di nevel\u00e9st seg\u00edtve \u00e9s azt kieg\u00e9sz\u00edtve,<br \/>\n\u2022\tegy\u00e9ni b\u00e1n\u00e1sm\u00f3ddal,<br \/>\n\u2022\tder\u0171s l\u00e9gk\u00f6rben,<br \/>\n\u2022\tfelt\u00e9tel n\u00e9lk\u00fcli szeretettel \u00e9s elfogad\u00e1ssal,<br \/>\n\u2022\ta gyermek nemzetis\u00e9gi \/ etnikai hovatartoz\u00e1s\u00e1nak tiszteletben tart\u00e1s\u00e1val,<br \/>\n\u2022\tviselked\u00e9si mint\u00e1k ny\u00fajt\u00e1s\u00e1val seg\u00edteni a gyermek szem\u00e9lyis\u00e9g\u00e9nek harmonikus fejl\u0151d\u00e9s\u00e9t az otthoni fel\u00fcgyelet biztos\u00edt\u00e1sa mellett.<\/p>\n","protected":false},"author":1,"featured_media":0,"parent":0,"menu_order":0,"comment_status":"closed","ping_status":"closed","template":"","meta":{"footnotes":""},"class_list":["post-2832","page","type-page","status-publish","hentry"],"_links":{"self":[{"href":"https:\/\/humanszolgaltatas.hu\/tinkturabt\/wp-json\/wp\/v2\/pages\/2832","targetHints":{"allow":["GET"]}}],"collection":[{"href":"https:\/\/humanszolgaltatas.hu\/tinkturabt\/wp-json\/wp\/v2\/pages"}],"about":[{"href":"https:\/\/humanszolgaltatas.hu\/tinkturabt\/wp-json\/wp\/v2\/types\/page"}],"author":[{"embeddable":true,"href":"https:\/\/humanszolgaltatas.hu\/tinkturabt\/wp-json\/wp\/v2\/users\/1"}],"replies":[{"embeddable":true,"href":"https:\/\/humanszolgaltatas.hu\/tinkturabt\/wp-json\/wp\/v2\/comments?post=2832"}],"version-history":[{"count":0,"href":"https:\/\/humanszolgaltatas.hu\/tinkturabt\/wp-json\/wp\/v2\/pages\/2832\/revisions"}],"wp:attachment":[{"href":"https:\/\/humanszolgaltatas.hu\/tinkturabt\/wp-json\/wp\/v2\/media?parent=2832"}],"curies":[{"name":"wp","href":"https:\/\/api.w.org\/{rel}","templated":true}]}}