{"id":2410,"date":"2018-07-19T19:57:51","date_gmt":"2018-07-19T17:57:51","guid":{"rendered":"http:\/\/humanszolgaltatas.hu\/tinkturabt\/?page_id=2410"},"modified":"2018-07-19T19:57:51","modified_gmt":"2018-07-19T17:57:51","slug":"adatkezeles-kerdes","status":"publish","type":"page","link":"https:\/\/humanszolgaltatas.hu\/tinkturabt\/adatkezeles-kerdes\/","title":{"rendered":"Adatkezel\u00e9s k\u00e9rd\u00e9s"},"content":{"rendered":"<p><span class=\"wpgdprc-pre\"><strong>[wpgdprc_access_request_form]<\/strong><\/span><\/p>\n","protected":false},"excerpt":{"rendered":"<p>wpgdprc_access_request_form<\/p>\n","protected":false},"author":1,"featured_media":0,"parent":0,"menu_order":0,"comment_status":"closed","ping_status":"closed","template":"","meta":{"footnotes":""},"class_list":["post-2410","page","type-page","status-publish","hentry"],"_links":{"self":[{"href":"https:\/\/humanszolgaltatas.hu\/tinkturabt\/wp-json\/wp\/v2\/pages\/2410","targetHints":{"allow":["GET"]}}],"collection":[{"href":"https:\/\/humanszolgaltatas.hu\/tinkturabt\/wp-json\/wp\/v2\/pages"}],"about":[{"href":"https:\/\/humanszolgaltatas.hu\/tinkturabt\/wp-json\/wp\/v2\/types\/page"}],"author":[{"embeddable":true,"href":"https:\/\/humanszolgaltatas.hu\/tinkturabt\/wp-json\/wp\/v2\/users\/1"}],"replies":[{"embeddable":true,"href":"https:\/\/humanszolgaltatas.hu\/tinkturabt\/wp-json\/wp\/v2\/comments?post=2410"}],"version-history":[{"count":0,"href":"https:\/\/humanszolgaltatas.hu\/tinkturabt\/wp-json\/wp\/v2\/pages\/2410\/revisions"}],"wp:attachment":[{"href":"https:\/\/humanszolgaltatas.hu\/tinkturabt\/wp-json\/wp\/v2\/media?parent=2410"}],"curies":[{"name":"wp","href":"https:\/\/api.w.org\/{rel}","templated":true}]}}