{"id":2356,"date":"2018-06-17T22:14:30","date_gmt":"2018-06-17T20:14:30","guid":{"rendered":"http:\/\/humanszolgaltatas.hu\/tinkturabt\/?page_id=2356"},"modified":"2021-01-19T18:49:32","modified_gmt":"2021-01-19T17:49:32","slug":"tajekoztato-a-felnottkepzest-kiegeszito-tevekenysegekrol","status":"publish","type":"page","link":"https:\/\/humanszolgaltatas.hu\/tinkturabt\/minosegbiztositas\/tajekoztato-a-felnottkepzest-kiegeszito-tevekenysegekrol\/","title":{"rendered":"T\u00e1j\u00e9koztat\u00f3 a feln\u0151ttk\u00e9pz\u00e9st kieg\u00e9sz\u00edt\u0151 tev\u00e9kenys\u00e9gekr\u0151l"},"content":{"rendered":"<p><strong>\u00a0<\/strong>A <strong>Tinkt\u00fara Bt.<\/strong> a jogszab\u00e1lyi el\u0151\u00edr\u00e1soknak, illetve az ig\u00e9nyeknek megfelel\u0151en biztos\u00edtja az el\u0151zetes tud\u00e1s felm\u00e9r\u00e9s, az \u00e1ll\u00e1skeres\u00e9si tr\u00e9ning \u00e9s a ment\u00e1lhigi\u00e9n\u00e9s tan\u00e1csad\u00e1s elnevez\u00e9s\u0171 feln\u0151ttk\u00e9pz\u00e9s kieg\u00e9sz\u00edt\u0151 tev\u00e9kenys\u00e9geket.<\/p>\n<p>&nbsp;<\/p>\n<ol>\n<li><strong> EL\u0150ZETES TUD\u00c1S M\u00c9R\u00c9SE<\/strong><\/li>\n<\/ol>\n<p>Az el\u0151zetes tud\u00e1s m\u00e9r\u00e9se annak felm\u00e9r\u00e9se, hogy a k\u00e9pz\u00e9sre jelentkez\u0151 dokumentumokkal nem igazolt tanulm\u00e1nyai vagy megszerzett gyakorlati tapasztalatai alapj\u00e1n k\u00e9pes-e a k\u00e9pz\u00e9s sor\u00e1n elsaj\u00e1t\u00edtand\u00f3 tananyagegys\u00e9g k\u00f6vetelm\u00e9nyeinek teljes\u00edt\u00e9s\u00e9re, amelynek eredm\u00e9nyek\u00e9nt a k\u00f6vetelm\u00e9nyek megfelel\u0151 szint\u0171 teljes\u00edt\u00e9se eset\u00e9n a tananyagegys\u00e9g elsaj\u00e1t\u00edt\u00e1s\u00e1ra ir\u00e1nyul\u00f3 k\u00e9pz\u00e9si r\u00e9sz al\u00f3l a k\u00e9pz\u00e9sre jelentkez\u0151t fel kell menteni.<\/p>\n<p>A r\u00e9szv\u00e9tel el\u0151zetes tud\u00e1sm\u00e9r\u00e9sben:<\/p>\n<ul>\n<li>az OKJ szerinti szakk\u00e9pes\u00edt\u00e9sre felk\u00e9sz\u00edt\u0151 t\u00e1mogatott k\u00e9pz\u00e9sek, valamint t\u00e1mogatott \u00e1ltal\u00e1nos nyelvi &#8211; t\u00e1mogatott egy\u00e9b nyelvi &#8211; \u00e9s t\u00e1mogatott kombin\u00e1lt nyelvi k\u00e9pz\u00e9sek eset\u00e9n k\u00f6telez\u0151<\/li>\n<li>a t\u00e1mogatott egy\u00e9b szakmai k\u00e9pz\u00e9sek \u00e9s t\u00e1mogatott egy\u00e9b k\u00e9pz\u00e9sek eset\u00e9n a k\u00e9pz\u00e9sre vonatkoz\u00f3 t\u00e1mogat\u00e1si szerz\u0151d\u00e9s k\u00f6telez\u0151 el\u0151\u00edr\u00e1sa alapj\u00e1n, vagy a jelentkez\u0151 ig\u00e9nye szerint, amelyet a jelentkez\u00e9si lapon is r\u00f6gz\u00edthet.<\/li>\n<\/ul>\n<p>Az el\u0151zetes tud\u00e1sszint felm\u00e9r\u00e9st a k\u00e9pz\u00e9s megkezd\u00e9se el\u0151tt az oktat\u00f3 vagy az int\u00e9zm\u00e9nyvezet\u0151 v\u00e9gzi.<\/p>\n<p>A tud\u00e1sm\u00e9r\u00e9sben val\u00f3 r\u00e9szv\u00e9telt t\u00e9r\u00edt\u00e9smentes.<\/p>\n<p>&nbsp;<\/p>\n<ol start=\"2\">\n<li><strong> \u00c1<\/strong><strong>ll\u00e1skeres\u00e9si tr\u00e9ning<\/strong><\/li>\n<\/ol>\n<p>A tr\u00e9ningre vonatkoz\u00f3 ig\u00e9nyt a k\u00e9pz\u00e9s t\u00e1mogat\u00f3ja a t\u00e1mogat\u00e1si szerz\u0151d\u00e9sben, a k\u00e9pz\u00e9sre jelentkez\u0151 \u2013 a jelentkez\u00e9si lapon r\u00f6gz\u00edtheti, a k\u00e9pz\u00e9sben r\u00e9szt vev\u0151 pedig a k\u00e9pz\u00e9s sor\u00e1n felmer\u00fcl\u0151 ig\u00e9ny\u00e9t az int\u00e9zm\u00e9nyvezet\u0151nek kell \u00edr\u00e1sban jeleznie.<\/p>\n<p>Az elhelyezked\u00e9si tan\u00e1csad\u00e1s sor\u00e1n seg\u00edtj\u00fck a tan\u00e1csot-k\u00e9r\u0151t \u00f6nmaga megismer\u00e9s\u00e9ben, \u00e9rdekl\u0151d\u00e9s\u00e9nek, amb\u00edci\u00f3inak k\u00e9pess\u00e9geinek felt\u00e1r\u00e1s\u00e1ban, valamint az \u00e1ll\u00e1skeres\u00e9si technik\u00e1k megismer\u00e9s\u00e9ben. Megadjuk azokat az inform\u00e1ci\u00f3kat, amelyek el\u0151seg\u00edtik az egy\u00e9n karrierc\u00e9ljainak megval\u00f3s\u00edt\u00e1s\u00e1t, a megfelel\u0151 munkahelyv\u00e1laszt\u00e1st. T\u00f6reksz\u00fcnk behat\u00e1rolni a val\u00f3s \u00e9s potenci\u00e1lis munkalehet\u0151s\u00e9geket, munkahelyeket, amelyek az adott szakk\u00e9pzetts\u00e9ggel rendelkez\u0151k j\u00f6v\u0151je szempontj\u00e1b\u00f3l fontosak lehetnek.<\/p>\n<p>Az elhelyezked\u00e9si tan\u00e1csad\u00e1st az ig\u00e9nyek felm\u00e9r\u00e9se alapj\u00e1n int\u00e9zm\u00e9nyvezet\u0151 \u00e1ltal megb\u00edzott oktat\u00f3 vagy az int\u00e9zm\u00e9nyvezet\u0151 ny\u00fajtja a k\u00e9pz\u00e9s befejez\u00e9s\u00e9t megel\u0151z\u0151en.<\/p>\n<p>A tan\u00e1csad\u00e1s ig\u00e9nybe v\u00e9tel\u00e9t t\u00e9r\u00edt\u00e9smentesen biztos\u00edtja az int\u00e9zm\u00e9ny.<\/p>\n<p>&nbsp;<\/p>\n<ol start=\"3\">\n<li>Ment\u00e1lhigi\u00e9n\u00e9s tan\u00e1csad\u00e1son<\/li>\n<\/ol>\n<p>A tan\u00e1csad\u00e1sra vonatkoz\u00f3 ig\u00e9nyt a k\u00e9pz\u00e9sre jelentkez\u0151 \u2013 a jelentkez\u00e9si lapon r\u00f6gz\u00edtheti, a k\u00e9pz\u00e9sben r\u00e9szt vev\u0151 pedig a k\u00e9pz\u00e9s sor\u00e1n felmer\u00fcl\u0151 ig\u00e9ny\u00e9t az int\u00e9zm\u00e9nyvzet\u0151nek kell \u00edr\u00e1sban jeleznie.<\/p>\n<p>A ment\u00e1lhigi\u00e9n\u00e9s tan\u00e1csad\u00e1s c\u00e9lja az eg\u00e9szs\u00e9ges lelki \u00e9let kialak\u00edt\u00e1sa \u00e9s megtart\u00e1sa. A ment\u00e1lhigi\u00e9n\u00e9s szakember seg\u00edts\u00e9gk\u00e9nt mobiliz\u00e1lja a szem\u00e9ly (kliens) saj\u00e1t lelki er\u0151forr\u00e1sait. A kliens \u00e9s a tan\u00e1csad\u00f3 (seg\u00edt\u0151) egy\u00fctt t\u0171zi ki a c\u00e9lt, a tan\u00e1csad\u00f3 k\u00e9rd\u00e9seivel, illetve rendelkez\u00e9s\u00e9re \u00e1ll\u00f3 speci\u00e1lis m\u00f3dszerekkel seg\u00edti, k\u00eds\u00e9ri a klienst az \u00faton. A tan\u00e1csad\u00e1s jellemz\u0151en tart\u00f3s v\u00e1ltoz\u00e1st eredm\u00e9nyez\u0151 hosszabb folyamat.<\/p>\n<p>A tan\u00e1csad\u00e1st az int\u00e9zm\u00e9nyvezet\u0151 v\u00e9gzi.<\/p>\n<p>A tan\u00e1csad\u00e1s ig\u00e9nybe v\u00e9tel\u00e9t t\u00e9r\u00edt\u00e9smentesen biztos\u00edtja az int\u00e9zm\u00e9ny.<\/p>\n<p>&nbsp;<\/p>\n<p>B\u0151vebb inform\u00e1ci\u00f3\u00e9rt forduljon \u00fcgyf\u00e9lszolg\u00e1latunkhoz!<\/p>\n","protected":false},"excerpt":{"rendered":"<p>\u00a0A Tinkt\u00fara Bt. a jogszab\u00e1lyi el\u0151\u00edr\u00e1soknak, illetve az ig\u00e9nyeknek megfelel\u0151en biztos\u00edtja az el\u0151zetes tud\u00e1s felm\u00e9r\u00e9s, az \u00e1ll\u00e1skeres\u00e9si tr\u00e9ning \u00e9s a &hellip;<\/p>\n","protected":false},"author":1,"featured_media":0,"parent":56,"menu_order":0,"comment_status":"closed","ping_status":"closed","template":"left-sidebar-page.php","meta":{"footnotes":""},"class_list":["post-2356","page","type-page","status-publish","hentry"],"_links":{"self":[{"href":"https:\/\/humanszolgaltatas.hu\/tinkturabt\/wp-json\/wp\/v2\/pages\/2356","targetHints":{"allow":["GET"]}}],"collection":[{"href":"https:\/\/humanszolgaltatas.hu\/tinkturabt\/wp-json\/wp\/v2\/pages"}],"about":[{"href":"https:\/\/humanszolgaltatas.hu\/tinkturabt\/wp-json\/wp\/v2\/types\/page"}],"author":[{"embeddable":true,"href":"https:\/\/humanszolgaltatas.hu\/tinkturabt\/wp-json\/wp\/v2\/users\/1"}],"replies":[{"embeddable":true,"href":"https:\/\/humanszolgaltatas.hu\/tinkturabt\/wp-json\/wp\/v2\/comments?post=2356"}],"version-history":[{"count":0,"href":"https:\/\/humanszolgaltatas.hu\/tinkturabt\/wp-json\/wp\/v2\/pages\/2356\/revisions"}],"up":[{"embeddable":true,"href":"https:\/\/humanszolgaltatas.hu\/tinkturabt\/wp-json\/wp\/v2\/pages\/56"}],"wp:attachment":[{"href":"https:\/\/humanszolgaltatas.hu\/tinkturabt\/wp-json\/wp\/v2\/media?parent=2356"}],"curies":[{"name":"wp","href":"https:\/\/api.w.org\/{rel}","templated":true}]}}