{"id":19,"date":"2015-01-17T07:52:19","date_gmt":"2015-01-17T06:52:19","guid":{"rendered":"http:\/\/humanszolgaltatas.hu\/tinkturabt\/?page_id=19"},"modified":"2022-01-29T13:09:42","modified_gmt":"2022-01-29T12:09:42","slug":"kapcsolat-elerhetoseg","status":"publish","type":"page","link":"https:\/\/humanszolgaltatas.hu\/tinkturabt\/kapcsolat-elerhetoseg\/","title":{"rendered":"Kapcsolat, el\u00e9rhet\u0151s\u00e9g"},"content":{"rendered":"<h1>El\u00e9rhet\u0151s\u00e9g<\/h1>\n<h2>Sz\u00e9khely \/ Vev\u0151szolg\u00e1lat:<\/h2>\n<h4>7761 Koz\u00e1rmisleny, Toldi u.\u00a0 42.<\/h4>\n<h2>Vev\u0151szolg\u00e1lat:<\/h2>\n<h4>7632 P\u00e9cs, Sz\u00f6vets\u00e9g u. 19.<\/h4>\n<h2>Web:<\/h2>\n<p>http:\/\/<a href=\"http:\/\/www.humanszolgaltatas.hu\">www.humanszolgaltatas.hu<\/a><\/p>\n<h2>E-mail:<\/h2>\n<p><a href=\"mailto:kepzesikozpont1@gmail.com\">kepzesikozpont1@gmail.com<\/a><\/p>\n<h2>dr. Mikli \u00c9va \u00fcgyvezet\u0151, szakmai vezet\u0151<\/h2>\n<h2>Telefon:<\/h2>\n<ul>\n<li>+36\/30\/576-1313<\/li>\n<li>72\/371-920 (munkanapokon 18.00 ut\u00e1n)<\/li>\n<li>e-mail: <a href=\"mailto:miklieva55@vipmail.hu\">miklieva55@vipmail.hu<\/a><\/li>\n<\/ul>\n<p>&nbsp;<\/p>\n","protected":false},"excerpt":{"rendered":"<p>El\u00e9rhet\u0151s\u00e9g Sz\u00e9khely \/ Vev\u0151szolg\u00e1lat: 7761 Koz\u00e1rmisleny, Toldi u.\u00a0 42. Vev\u0151szolg\u00e1lat: 7632 P\u00e9cs, Sz\u00f6vets\u00e9g u. 19. Web: http:\/\/www.humanszolgaltatas.hu E-mail: kepzesikozpont1@gmail.com dr. &hellip;<\/p>\n","protected":false},"author":1,"featured_media":0,"parent":0,"menu_order":0,"comment_status":"closed","ping_status":"closed","template":"","meta":{"footnotes":""},"class_list":["post-19","page","type-page","status-publish","hentry"],"_links":{"self":[{"href":"https:\/\/humanszolgaltatas.hu\/tinkturabt\/wp-json\/wp\/v2\/pages\/19","targetHints":{"allow":["GET"]}}],"collection":[{"href":"https:\/\/humanszolgaltatas.hu\/tinkturabt\/wp-json\/wp\/v2\/pages"}],"about":[{"href":"https:\/\/humanszolgaltatas.hu\/tinkturabt\/wp-json\/wp\/v2\/types\/page"}],"author":[{"embeddable":true,"href":"https:\/\/humanszolgaltatas.hu\/tinkturabt\/wp-json\/wp\/v2\/users\/1"}],"replies":[{"embeddable":true,"href":"https:\/\/humanszolgaltatas.hu\/tinkturabt\/wp-json\/wp\/v2\/comments?post=19"}],"version-history":[{"count":0,"href":"https:\/\/humanszolgaltatas.hu\/tinkturabt\/wp-json\/wp\/v2\/pages\/19\/revisions"}],"wp:attachment":[{"href":"https:\/\/humanszolgaltatas.hu\/tinkturabt\/wp-json\/wp\/v2\/media?parent=19"}],"curies":[{"name":"wp","href":"https:\/\/api.w.org\/{rel}","templated":true}]}}