{"id":123,"date":"2015-01-23T04:47:07","date_gmt":"2015-01-23T03:47:07","guid":{"rendered":"http:\/\/humanszolgaltatas.hu\/tinkturabt\/?page_id=123"},"modified":"2015-01-23T04:59:10","modified_gmt":"2015-01-23T03:59:10","slug":"ugyfelszolgalat","status":"publish","type":"page","link":"https:\/\/humanszolgaltatas.hu\/tinkturabt\/ugyfelszolgalat\/","title":{"rendered":"\u00dcgyf\u00e9lszolg\u00e1lat"},"content":{"rendered":"<h2><strong><em>\u00dcGYF\u00c9LSZOLG\u00c1LATI FOLYAMAT LE\u00cdR\u00c1SA<\/em><\/strong><\/h2>\n<p>A k\u00e9pz\u0151 int\u00e9zm\u00e9ny arra t\u00f6rekszik, hogy az \u00e9rdekl\u0151d\u0151 \u00fcgyfelei el\u00e9gedetts\u00e9g\u00e9t jelent\u0151s\u00e9g\u00e9nek megfelel\u0151en kezelje. A min\u0151s\u00e9gc\u00e9lok eset\u00e9ben a konkr\u00e9t \u00e9rt\u00e9keket hat\u00e1roz meg az int\u00e9zm\u00e9ny a partneri el\u00e9gedetts\u00e9ggel kapcsolatban. A vev\u0151szolg\u00e1lat feladata a k\u00e9pz\u00e9ssel kapcsolatban \u00e9rdekl\u0151d\u0151 szem\u00e9lyek sz\u00e1m\u00e1ra korrekt inform\u00e1ci\u00f3 biztos\u00edt\u00e1sa.<\/p>\n<ol>\n<li>\u00c9rdekl\u0151d\u0151 szem\u00e9ly bejelentkez\u00e9se telefonon, e-mailen, szem\u00e9lyesen t\u00f6rt\u00e9nhet &#8211; Van megfelel\u0151 k\u00e9pz\u00e9s\u00fcnk az \u00e9rdekl\u0151d\u0151 sz\u00e1m\u00e1ra?<\/li>\n<\/ol>\n<p>Igen:<\/p>\n<p style=\"padding-left: 30px;\">Az \u00e9rdekl\u0151d\u0151 t\u00e1j\u00e9koztat\u00e1sa telefonon,e-mailben vagy \u00a0szem\u00e9lyesen<\/p>\n<p>Nincs :<\/p>\n<ul style=\"list-style-type: circle;\">\n<li>M\u00e1s, m\u0171k\u00f6d\u0151 k\u00e9pz\u00e9s aj\u00e1nl\u00e1sa.<\/li>\n<li>Kapcsolat lez\u00e1rul.<\/li>\n<\/ul>\n<ol start=\"3\">\n<li>T\u00e1j\u00e9koztat\u00e1s ad\u00e1sa a k\u00e9pz\u00e9sr\u0151l, k\u00e9pz\u00e9si jelentkez\u00e9si lap megk\u00fcld\u00e9se, szem\u00e9lyes \u00e1tad\u00e1sa.<\/li>\n<li>A kit\u00f6lt\u00f6tt jelentkez\u00e9si lap vissza\u00e9rkez\u00e9se ut\u00e1n, k\u00e9pz\u00e9si id\u0151pont egyeztet\u00e9se a jelentkez\u0151vel.<\/li>\n<li>K\u00e9pz\u00e9s\u00e9rt felel\u0151s szem\u00e9lynek \u00e1tad\u00e1sra ker\u00fcl a jelentkez\u00e9si lap.<\/li>\n<li>R\u00e9sztvev\u0151vel val\u00f3 kapcsolattart\u00e1s \u00e1tker\u00fcl az oktat\u00e1s felel\u0151s\u00e9hez.<\/li>\n<\/ol>\n<p>&nbsp;<\/p>\n<p>&nbsp;<\/p>\n<p>Koz\u00e1rmisleny, 2015. janu\u00e1r 1.<\/p>\n<p>dr. Mikli \u00c9va<\/p>\n","protected":false},"excerpt":{"rendered":"<p>\u00dcGYF\u00c9LSZOLG\u00c1LATI FOLYAMAT LE\u00cdR\u00c1SA A k\u00e9pz\u0151 int\u00e9zm\u00e9ny arra t\u00f6rekszik, hogy az \u00e9rdekl\u0151d\u0151 \u00fcgyfelei el\u00e9gedetts\u00e9g\u00e9t jelent\u0151s\u00e9g\u00e9nek megfelel\u0151en kezelje. A min\u0151s\u00e9gc\u00e9lok eset\u00e9ben a &hellip;<\/p>\n","protected":false},"author":1,"featured_media":0,"parent":0,"menu_order":0,"comment_status":"closed","ping_status":"closed","template":"","meta":{"footnotes":""},"class_list":["post-123","page","type-page","status-publish","hentry"],"_links":{"self":[{"href":"https:\/\/humanszolgaltatas.hu\/tinkturabt\/wp-json\/wp\/v2\/pages\/123","targetHints":{"allow":["GET"]}}],"collection":[{"href":"https:\/\/humanszolgaltatas.hu\/tinkturabt\/wp-json\/wp\/v2\/pages"}],"about":[{"href":"https:\/\/humanszolgaltatas.hu\/tinkturabt\/wp-json\/wp\/v2\/types\/page"}],"author":[{"embeddable":true,"href":"https:\/\/humanszolgaltatas.hu\/tinkturabt\/wp-json\/wp\/v2\/users\/1"}],"replies":[{"embeddable":true,"href":"https:\/\/humanszolgaltatas.hu\/tinkturabt\/wp-json\/wp\/v2\/comments?post=123"}],"version-history":[{"count":0,"href":"https:\/\/humanszolgaltatas.hu\/tinkturabt\/wp-json\/wp\/v2\/pages\/123\/revisions"}],"wp:attachment":[{"href":"https:\/\/humanszolgaltatas.hu\/tinkturabt\/wp-json\/wp\/v2\/media?parent=123"}],"curies":[{"name":"wp","href":"https:\/\/api.w.org\/{rel}","templated":true}]}}